{"id":14607,"date":"2025-04-20T14:30:48","date_gmt":"2025-04-20T12:30:48","guid":{"rendered":"https:\/\/www.agilit.law\/?page_id=14607"},"modified":"2025-04-20T14:36:23","modified_gmt":"2025-04-20T12:36:23","slug":"audrey-sanchez","status":"publish","type":"page","link":"https:\/\/www.agilit.law\/en\/about\/team\/audrey-sanchez\/","title":{"rendered":"Audrey SANCHEZ"},"content":{"rendered":"<p>[vc_row][vc_column][vc_empty_space height=&#8221;70px&#8221;][\/vc_column][\/vc_row][vc_row thb_full_width=&#8221;true&#8221; thb_row_padding=&#8221;true&#8221; thb_column_padding=&#8221;true&#8221; thb_video_bg=&#8221;https:\/\/www.agilit.law\/wp-content\/uploads\/2017\/06\/agilit.mp4&#8243; css=&#8221;.vc_custom_1533288085407{padding-top: 48px !important;padding-bottom: 10px !important;}&#8221;][vc_column offset=&#8221;vc_col-lg-offset-2 vc_col-lg-8&#8243;][vc_column_text]<\/p>\n<h1 style=\"text-align: center;\"><span style=\"color: #ffffff;\">Audrey SANCHEZ<\/span><\/h1>\n<h4 style=\"text-align: center;\"><span style=\"color: #ffffff;\"><img decoding=\"async\" loading=\"lazy\" class=\"alignnone size-full wp-image-3796\" src=\"https:\/\/www.agilit.law\/wp-content\/uploads\/2017\/04\/agilit-1-1.png\" alt=\"\" width=\"1600\" height=\"30\" srcset=\"https:\/\/www.agilit.law\/wp-content\/uploads\/2017\/04\/agilit-1-1.png 1600w, https:\/\/www.agilit.law\/wp-content\/uploads\/2017\/04\/agilit-1-1-768x14.png 768w, https:\/\/www.agilit.law\/wp-content\/uploads\/2017\/04\/agilit-1-1-1024x19.png 1024w, https:\/\/www.agilit.law\/wp-content\/uploads\/2017\/04\/agilit-1-1-500x9.png 500w, https:\/\/www.agilit.law\/wp-content\/uploads\/2017\/04\/agilit-1-1-600x11.png 600w\" sizes=\"(max-width: 1600px) 100vw, 1600px\" \/><\/span><\/h4>\n<h4 style=\"text-align: center;\"><span style=\"color: #ffffff;\">Partner<br \/>\nLabour and social law<\/span><\/h4>\n<p>[\/vc_column_text][\/vc_column][\/vc_row][vc_row thb_full_width=&#8221;true&#8221; thb_row_padding=&#8221;true&#8221; thb_column_padding=&#8221;true&#8221; css=&#8221;.vc_custom_1533567968754{margin-right: 0px !important;margin-bottom: 0px !important;margin-left: 0px !important;border-right-width: 0px !important;border-bottom-width: 0px !important;border-left-width: 0px !important;padding-top: 35px !important;padding-right: 0px !important;padding-bottom: 60px !important;padding-left: 0px !important;background-color: #ffffff !important;}&#8221;][vc_column offset=&#8221;vc_col-lg-offset-1 vc_col-lg-10&#8243; css=&#8221;.vc_custom_1533490985797{margin-right: 0px !important;margin-bottom: 0px !important;margin-left: 0px !important;border-right-width: 0px !important;border-bottom-width: 0px !important;border-left-width: 0px !important;padding-right: 0px !important;padding-bottom: 0px !important;padding-left: 0px !important;background-color: #ffffff !important;}&#8221;][vc_row_inner css=&#8221;.vc_custom_1533297004432{margin-bottom: 0px !important;border-bottom-width: 0px !important;padding-bottom: 0px !important;}&#8221;][vc_column_inner width=&#8221;1\/3&#8243; css=&#8221;.vc_custom_1533505433683{margin-right: 10px !important;margin-left: 10px !important;background-color: #d3d7e5 !important;}&#8221;][vc_column_text css=&#8221;.vc_custom_1743673309987{margin-bottom: 0px !important;border-bottom-width: 0px !important;padding-bottom: 0px !important;}&#8221;]<img decoding=\"async\" loading=\"lazy\" class=\"size-full wp-image-8792 aligncenter\" src=\"https:\/\/www.agilit.law\/wp-content\/uploads\/2025\/04\/Audrey-SANCHEZ.jpg\" alt=\"\" width=\"700\" height=\"858\" \/>[\/vc_column_text][vc_column_text css=&#8221;.vc_custom_1743673353538{margin-bottom: 0px !important;border-bottom-width: 0px !important;padding-bottom: 0px !important;}&#8221;]<\/p>\n<div class=\"pavebleu\">\n<p style=\"text-align: center;\"><strong>CONTACT<\/strong><\/p>\n<div style=\"height: 5px;\"><\/div>\n<p style=\"text-align: center;\"><a class=\"\" href=\"mailto:audrey.sanchez@agilit.law\" target=\"blank\" rel=\"noopener\"><i class=\"fa fa-envelope fa-lg\"><\/i> E-mail<\/a> <span style=\"color: #eaecf3;\">. ..<\/span> <a class=\"\" href=\"https:\/\/www.linkedin.com\/in\/audrey-sanchez-ab700212a\/\" target=\"blank\" rel=\"noopener\"><i class=\"fa fa-linkedin fa-lg\"><\/i> Linkedin<\/a><\/p>\n<div style=\"height: 18px;\"><\/div>\n<\/div>\n<p>[\/vc_column_text][vc_column_text css=&#8221;.vc_custom_1745152493816{padding-top: 22px !important;padding-right: 40px !important;padding-bottom: 5px !important;padding-left: 40px !important;}&#8221;]<\/p>\n<p style=\"text-align: center;\"><strong>LANGUAGES SPOKEN<\/strong><\/p>\n<p style=\"text-align: center;\"><img decoding=\"async\" loading=\"lazy\" src=\"https:\/\/www.agilit.law\/wp-content\/uploads\/2017\/09\/flag-france-1.png\" alt=\"Francais\" width=\"32\" height=\"32\" \/> <img decoding=\"async\" loading=\"lazy\" src=\"https:\/\/www.agilit.law\/wp-content\/uploads\/2017\/09\/flag-united-kingdom-1.png\" alt=\"Anglais\" width=\"32\" height=\"32\" \/><\/p>\n<p>[\/vc_column_text][\/vc_column_inner][vc_column_inner width=&#8221;2\/3&#8243; css=&#8221;.vc_custom_1533504533895{margin-right: 10px !important;margin-left: 10px !important;background-color: #d3d7e5 !important;}&#8221;][vc_column_text css=&#8221;.vc_custom_1745152459892{margin-bottom: 0px !important;border-bottom-width: 0px !important;padding-top: 25px !important;padding-right: 40px !important;padding-bottom: 40px !important;padding-left: 40px !important;}&#8221;]<\/p>\n<div class=\"pavebleu\">\n<h4 style=\"text-align: center;\"><span style=\"color: #202945;\"><img decoding=\"async\" loading=\"lazy\" class=\"alignnone size-full wp-image-3837\" src=\"https:\/\/www.agilit.law\/wp-content\/uploads\/2018\/08\/ap.png\" alt=\"\" width=\"29\" height=\"22\" \/><\/span><\/h4>\n<h4 style=\"text-align: center;\"><em><span style=\"color: #202945;\"> Co-constructing corporate social policy, establishing a relationship of trust and lasting partnership <\/span><\/em><\/h4>\n<\/div>\n<div style=\"height: 15px;\"><\/div>\n<p><strong>PRACTICE AREAS \u00a0<\/strong><\/p>\n<ul>\n<li><a href=\"https:\/\/www.agilit.law\/en\/expertises\/employment-law-social-security\/\">Labour and social law<\/a><\/li>\n<\/ul>\n<div style=\"height: 16px;\"><\/div>\n<p><strong>SPECIALTIES<\/strong><\/p>\n<ul>\n<li>Mobility<\/li>\n<li>Collective bargaining<\/li>\n<li>Relations with employee representatives<\/li>\n<li>Social management of restructuring<\/li>\n<li>Collective litigation<\/li>\n<li style=\"height: 16px;\"><\/li>\n<\/ul>\n<p><strong>INDUSTRY SECTORS<\/strong><\/p>\n<ul class=\"ul1\">\n<li>Banking, finance, retail, furniture, perfume, clothing<\/li>\n<\/ul>\n<div style=\"height: 16px;\"><\/div>\n<p><strong>ASSOCIATIONS, WORKING GROUPS AND TEACHING ACTIVITIES<\/strong><\/p>\n<ul>\n<li>BFM Business &#8211; \u201cAvec Vous\u201d programm<\/li>\n<li>Webinar &#8211; Quality of Life and Working Conditions &#8211; Barometer<\/li>\n<li>Webinar &#8211; Teleworking abroad: why not, but how?<\/li>\n<li>Webinar &#8211; Compensation: non-monetary benefits, an asset for the company<\/li>\n<li>Webinar &#8211; Unblocking a situation with your CSE (social and economic committee) and moving forward hand in hand<\/li>\n<li>Webinar &#8211; Preparing the annual appraisal interview with optimism and strategy<\/li>\n<li>Webinar &#8211; Suffering at work: how to avoid \u201cDramaland\u201d in the office<\/li>\n<li>Webinar &#8211; Absenteeism: how to manage it effectively?<\/li>\n<\/ul>\n<div style=\"height: 15px;\"><\/div>\n<p><strong>QUALIFICATIONS &amp; EXPERIENCE<\/strong><\/p>\n<ul>\n<li>AGIL\u2019IT (since 2025) \u2013 Partner of AARPI AGIL\u2019IT (Labor Law &#8211; Social Security Department)<\/li>\n<li>JEANTET law firm (2021-2024) \u2013 Lawyer (Counsel) \u2013 Labor Law Department<\/li>\n<li>NATIXIS (2018-2021) \u2013 Legal advisor in social law \u2013 Social relations and legal affairs<\/li>\n<li>EY law firm (2017-2018) \u2013 Senior Associate \u2013 Social Law Department<\/li>\n<li>HOCHE law firm (2013-2017) \u2013 Associate \u2013 Social Law Department<\/li>\n<li>Cabinet UGGC (2011-2013) \u2013 Associate \u2013 Social Law Department<\/li>\n<li>Lawyer at the Paris Bar since 2011<\/li>\n<li>Master 2 in Business Law \u2013 Paris I<\/li>\n<\/ul>\n<p>[\/vc_column_text][\/vc_column_inner][\/vc_row_inner][\/vc_column][\/vc_row][vc_row css=&#8221;.vc_custom_1533506209008{padding-bottom: 60px !important;background-color: #ffffff !important;}&#8221;][vc_column offset=&#8221;vc_col-lg-offset-1 vc_col-lg-10&#8243;][vc_row_inner][vc_column_inner][vc_column_text css=&#8221;.vc_custom_1745152506697{padding-top: 28px !important;}&#8221;]<\/p>\n<h3 style=\"text-align: center;\"><span style=\"color: #202945;\"><img decoding=\"async\" loading=\"lazy\" class=\"alignnone size-full wp-image-3654\" src=\"https:\/\/www.agilit.law\/wp-content\/uploads\/2018\/07\/blog.gif\" alt=\"\" width=\"41\" height=\"32\" \/>LATEST PUBLISHED ARTICLES<\/span><\/h3>\n<p>[\/vc_column_text][vc_column_text]<\/p>\n<p style=\"text-align: center;\"><a class=\"petitbt\" href=\"https:\/\/www.agilit.law\/en\/news\/audrey-sanchez\/\"><i class=\"fa fa-long-arrow-right\"><\/i> SEE ALL ARTICLES BY THIS AUTHOR<\/a><\/p>\n<p>[\/vc_column_text][vc_column_text] <!-- The Grid Plugin Version 2.6.60 --><div class=\"tg-error-msg\" data-grid-name=\"Audrey Sanchez Extrait\">No post was found with your current grid settings.&#xa;You should verify if you have posts inside the current selected post type(s) and if the meta key filter is not too much restrictive.<\/div>[\/vc_column_text][vc_column_text]<\/p>\n<p style=\"text-align: center;\"><a class=\"sn\" href=\"https:\/\/www.agilit.law\/en\/about\/team\/\"><i class=\"fa fa-long-arrow-right\"><\/i> OTHER TEAM MEMBERS<\/a><\/p>\n<p>[\/vc_column_text][\/vc_column_inner][\/vc_row_inner][\/vc_column][\/vc_row][vc_row][vc_column][vc_column_text]<\/p>\n<p>[\/vc_column_text][\/vc_column][\/vc_row]<\/p>\n","protected":false},"excerpt":{"rendered":"<p>Avocat associ\u00e9. Droit des soci\u00e9t\u00e9s &#8211; M&#038;A &#8211; Private Equity<\/p>\n","protected":false},"author":1,"featured_media":14552,"parent":7783,"menu_order":0,"comment_status":"closed","ping_status":"closed","template":"","meta":{"footnotes":""},"coauthors":[95],"yoast_head":"<!-- This site is optimized with the Yoast SEO plugin v21.3 - https:\/\/yoast.com\/wordpress\/plugins\/seo\/ -->\n<title>Audrey SANCHEZ - AGIL&#039;IT<\/title>\n<meta name=\"robots\" content=\"index, follow, max-snippet:-1, max-image-preview:large, max-video-preview:-1\" \/>\n<link rel=\"canonical\" href=\"https:\/\/www.agilit.law\/en\/about\/team\/audrey-sanchez\/\" \/>\n<meta property=\"og:locale\" content=\"en_US\" \/>\n<meta property=\"og:type\" content=\"article\" \/>\n<meta property=\"og:title\" content=\"Audrey SANCHEZ - AGIL&#039;IT\" \/>\n<meta property=\"og:description\" content=\"Avocat associ\u00e9. Droit des soci\u00e9t\u00e9s - M&amp;A - Private Equity\" \/>\n<meta property=\"og:url\" content=\"https:\/\/www.agilit.law\/en\/about\/team\/audrey-sanchez\/\" \/>\n<meta property=\"og:site_name\" content=\"AGIL&#039;IT\" \/>\n<meta property=\"article:modified_time\" content=\"2025-04-20T12:36:23+00:00\" \/>\n<meta property=\"og:image\" content=\"https:\/\/www.agilit.law\/wp-content\/uploads\/2025\/04\/Audrey-SANCHEZ-1.jpg\" \/>\n\t<meta property=\"og:image:width\" content=\"700\" \/>\n\t<meta property=\"og:image:height\" content=\"700\" \/>\n\t<meta property=\"og:image:type\" content=\"image\/jpeg\" \/>\n<meta name=\"twitter:card\" content=\"summary_large_image\" \/>\n<meta name=\"twitter:label1\" content=\"Est. reading time\" \/>\n\t<meta name=\"twitter:data1\" content=\"4 minutes\" \/>\n\t<meta name=\"twitter:label2\" content=\"Written by\" \/>\n\t<meta name=\"twitter:data2\" content=\"AGIL'IT\" \/>\n<script type=\"application\/ld+json\" class=\"yoast-schema-graph\">{\"@context\":\"https:\/\/schema.org\",\"@graph\":[{\"@type\":\"WebPage\",\"@id\":\"https:\/\/www.agilit.law\/en\/about\/team\/audrey-sanchez\/\",\"url\":\"https:\/\/www.agilit.law\/en\/about\/team\/audrey-sanchez\/\",\"name\":\"Audrey SANCHEZ - AGIL&#039;IT\",\"isPartOf\":{\"@id\":\"https:\/\/www.agilit.law\/#website\"},\"datePublished\":\"2025-04-20T12:30:48+00:00\",\"dateModified\":\"2025-04-20T12:36:23+00:00\",\"breadcrumb\":{\"@id\":\"https:\/\/www.agilit.law\/en\/about\/team\/audrey-sanchez\/#breadcrumb\"},\"inLanguage\":\"en-US\",\"potentialAction\":[{\"@type\":\"ReadAction\",\"target\":[\"https:\/\/www.agilit.law\/en\/about\/team\/audrey-sanchez\/\"]}]},{\"@type\":\"BreadcrumbList\",\"@id\":\"https:\/\/www.agilit.law\/en\/about\/team\/audrey-sanchez\/#breadcrumb\",\"itemListElement\":[{\"@type\":\"ListItem\",\"position\":1,\"name\":\"Accueil\",\"item\":\"https:\/\/www.agilit.law\/en\/\"},{\"@type\":\"ListItem\",\"position\":2,\"name\":\"AGIL&#8217;IT\",\"item\":\"https:\/\/www.agilit.law\/en\/about\/\"},{\"@type\":\"ListItem\",\"position\":3,\"name\":\"Our team\",\"item\":\"https:\/\/www.agilit.law\/en\/about\/team\/\"},{\"@type\":\"ListItem\",\"position\":4,\"name\":\"Audrey SANCHEZ\"}]},{\"@type\":\"WebSite\",\"@id\":\"https:\/\/www.agilit.law\/#website\",\"url\":\"https:\/\/www.agilit.law\/\",\"name\":\"AGIL&#039;IT\",\"description\":\"Make things simple\",\"potentialAction\":[{\"@type\":\"SearchAction\",\"target\":{\"@type\":\"EntryPoint\",\"urlTemplate\":\"https:\/\/www.agilit.law\/?s={search_term_string}\"},\"query-input\":\"required name=search_term_string\"}],\"inLanguage\":\"en-US\"}]}<\/script>\n<!-- \/ Yoast SEO plugin. -->","yoast_head_json":{"title":"Audrey SANCHEZ - AGIL&#039;IT","robots":{"index":"index","follow":"follow","max-snippet":"max-snippet:-1","max-image-preview":"max-image-preview:large","max-video-preview":"max-video-preview:-1"},"canonical":"https:\/\/www.agilit.law\/en\/about\/team\/audrey-sanchez\/","og_locale":"en_US","og_type":"article","og_title":"Audrey SANCHEZ - AGIL&#039;IT","og_description":"Avocat associ\u00e9. Droit des soci\u00e9t\u00e9s - M&A - Private Equity","og_url":"https:\/\/www.agilit.law\/en\/about\/team\/audrey-sanchez\/","og_site_name":"AGIL&#039;IT","article_modified_time":"2025-04-20T12:36:23+00:00","og_image":[{"width":700,"height":700,"url":"https:\/\/www.agilit.law\/wp-content\/uploads\/2025\/04\/Audrey-SANCHEZ-1.jpg","type":"image\/jpeg"}],"twitter_card":"summary_large_image","twitter_misc":{"Est. reading time":"4 minutes","Written by":"AGIL'IT"},"schema":{"@context":"https:\/\/schema.org","@graph":[{"@type":"WebPage","@id":"https:\/\/www.agilit.law\/en\/about\/team\/audrey-sanchez\/","url":"https:\/\/www.agilit.law\/en\/about\/team\/audrey-sanchez\/","name":"Audrey SANCHEZ - AGIL&#039;IT","isPartOf":{"@id":"https:\/\/www.agilit.law\/#website"},"datePublished":"2025-04-20T12:30:48+00:00","dateModified":"2025-04-20T12:36:23+00:00","breadcrumb":{"@id":"https:\/\/www.agilit.law\/en\/about\/team\/audrey-sanchez\/#breadcrumb"},"inLanguage":"en-US","potentialAction":[{"@type":"ReadAction","target":["https:\/\/www.agilit.law\/en\/about\/team\/audrey-sanchez\/"]}]},{"@type":"BreadcrumbList","@id":"https:\/\/www.agilit.law\/en\/about\/team\/audrey-sanchez\/#breadcrumb","itemListElement":[{"@type":"ListItem","position":1,"name":"Accueil","item":"https:\/\/www.agilit.law\/en\/"},{"@type":"ListItem","position":2,"name":"AGIL&#8217;IT","item":"https:\/\/www.agilit.law\/en\/about\/"},{"@type":"ListItem","position":3,"name":"Our team","item":"https:\/\/www.agilit.law\/en\/about\/team\/"},{"@type":"ListItem","position":4,"name":"Audrey SANCHEZ"}]},{"@type":"WebSite","@id":"https:\/\/www.agilit.law\/#website","url":"https:\/\/www.agilit.law\/","name":"AGIL&#039;IT","description":"Make things simple","potentialAction":[{"@type":"SearchAction","target":{"@type":"EntryPoint","urlTemplate":"https:\/\/www.agilit.law\/?s={search_term_string}"},"query-input":"required name=search_term_string"}],"inLanguage":"en-US"}]}},"_links":{"self":[{"href":"https:\/\/www.agilit.law\/en\/wp-json\/wp\/v2\/pages\/14607"}],"collection":[{"href":"https:\/\/www.agilit.law\/en\/wp-json\/wp\/v2\/pages"}],"about":[{"href":"https:\/\/www.agilit.law\/en\/wp-json\/wp\/v2\/types\/page"}],"author":[{"embeddable":true,"href":"https:\/\/www.agilit.law\/en\/wp-json\/wp\/v2\/users\/1"}],"replies":[{"embeddable":true,"href":"https:\/\/www.agilit.law\/en\/wp-json\/wp\/v2\/comments?post=14607"}],"version-history":[{"count":5,"href":"https:\/\/www.agilit.law\/en\/wp-json\/wp\/v2\/pages\/14607\/revisions"}],"predecessor-version":[{"id":14702,"href":"https:\/\/www.agilit.law\/en\/wp-json\/wp\/v2\/pages\/14607\/revisions\/14702"}],"up":[{"embeddable":true,"href":"https:\/\/www.agilit.law\/en\/wp-json\/wp\/v2\/pages\/7783"}],"wp:featuredmedia":[{"embeddable":true,"href":"https:\/\/www.agilit.law\/en\/wp-json\/wp\/v2\/media\/14552"}],"wp:attachment":[{"href":"https:\/\/www.agilit.law\/en\/wp-json\/wp\/v2\/media?parent=14607"}],"wp:term":[{"taxonomy":"author","embeddable":true,"href":"https:\/\/www.agilit.law\/en\/wp-json\/wp\/v2\/coauthors?post=14607"}],"curies":[{"name":"wp","href":"https:\/\/api.w.org\/{rel}","templated":true}]}}