{"id":12850,"date":"2023-10-02T09:03:35","date_gmt":"2023-10-02T07:03:35","guid":{"rendered":"https:\/\/www.agilit.law\/?page_id=12850"},"modified":"2025-07-08T09:39:12","modified_gmt":"2025-07-08T07:39:12","slug":"kassandra-bertrand-bourdon","status":"publish","type":"page","link":"https:\/\/www.agilit.law\/en\/about\/team\/kassandra-bertrand-bourdon\/","title":{"rendered":"Kassandra VIDEAU"},"content":{"rendered":"<p>[vc_row][vc_column][vc_empty_space height=&#8221;70px&#8221;][\/vc_column][\/vc_row][vc_row thb_full_width=&#8221;true&#8221; thb_row_padding=&#8221;true&#8221; thb_column_padding=&#8221;true&#8221; thb_video_bg=&#8221;https:\/\/www.agilit.law\/wp-content\/uploads\/2017\/06\/agilit.mp4&#8243; css=&#8221;.vc_custom_1533288085407{padding-top: 48px !important;padding-bottom: 10px !important;}&#8221;][vc_column offset=&#8221;vc_col-lg-offset-2 vc_col-lg-8&#8243;][vc_column_text]<\/p>\n<h1 style=\"text-align: center;\"><span style=\"color: #ffffff;\">Kassandra VIDEAU<\/span><\/h1>\n<h4 style=\"text-align: center;\"><span style=\"color: #ffffff;\"><img decoding=\"async\" loading=\"lazy\" class=\"alignnone size-full wp-image-3796\" src=\"https:\/\/www.agilit.law\/wp-content\/uploads\/2017\/04\/agilit-1-1.png\" alt=\"\" width=\"1600\" height=\"30\" srcset=\"https:\/\/www.agilit.law\/wp-content\/uploads\/2017\/04\/agilit-1-1.png 1600w, https:\/\/www.agilit.law\/wp-content\/uploads\/2017\/04\/agilit-1-1-768x14.png 768w, https:\/\/www.agilit.law\/wp-content\/uploads\/2017\/04\/agilit-1-1-1024x19.png 1024w, https:\/\/www.agilit.law\/wp-content\/uploads\/2017\/04\/agilit-1-1-500x9.png 500w, https:\/\/www.agilit.law\/wp-content\/uploads\/2017\/04\/agilit-1-1-600x11.png 600w\" sizes=\"(max-width: 1600px) 100vw, 1600px\" \/><\/span><\/h4>\n<h4 style=\"text-align: center;\"><span style=\"color: #ffffff;\">Associate<br \/>\nIT &amp; Data protection <\/span><\/h4>\n<p>[\/vc_column_text][\/vc_column][\/vc_row][vc_row thb_full_width=&#8221;true&#8221; thb_row_padding=&#8221;true&#8221; thb_column_padding=&#8221;true&#8221; css=&#8221;.vc_custom_1533567968754{margin-right: 0px !important;margin-bottom: 0px !important;margin-left: 0px !important;border-right-width: 0px !important;border-bottom-width: 0px !important;border-left-width: 0px !important;padding-top: 35px !important;padding-right: 0px !important;padding-bottom: 60px !important;padding-left: 0px !important;background-color: #ffffff !important;}&#8221;][vc_column offset=&#8221;vc_col-lg-offset-1 vc_col-lg-10&#8243; css=&#8221;.vc_custom_1533490985797{margin-right: 0px !important;margin-bottom: 0px !important;margin-left: 0px !important;border-right-width: 0px !important;border-bottom-width: 0px !important;border-left-width: 0px !important;padding-right: 0px !important;padding-bottom: 0px !important;padding-left: 0px !important;background-color: #ffffff !important;}&#8221;][vc_row_inner css=&#8221;.vc_custom_1533297004432{margin-bottom: 0px !important;border-bottom-width: 0px !important;padding-bottom: 0px !important;}&#8221;][vc_column_inner width=&#8221;1\/3&#8243; css=&#8221;.vc_custom_1533505433683{margin-right: 10px !important;margin-left: 10px !important;background-color: #d3d7e5 !important;}&#8221;][vc_column_text css=&#8221;.vc_custom_1696218690841{margin-bottom: 0px !important;border-bottom-width: 0px !important;padding-bottom: 0px !important;}&#8221;]<img decoding=\"async\" loading=\"lazy\" class=\"size-full wp-image-12852 aligncenter\" src=\"https:\/\/www.agilit.law\/wp-content\/uploads\/2023\/10\/Kassandra-BERTRAND-BOURDON-1.jpg\" alt=\"\" width=\"700\" height=\"858\" srcset=\"https:\/\/www.agilit.law\/wp-content\/uploads\/2023\/10\/Kassandra-BERTRAND-BOURDON-1.jpg 700w, https:\/\/www.agilit.law\/wp-content\/uploads\/2023\/10\/Kassandra-BERTRAND-BOURDON-1-500x613.jpg 500w, https:\/\/www.agilit.law\/wp-content\/uploads\/2023\/10\/Kassandra-BERTRAND-BOURDON-1-600x735.jpg 600w\" sizes=\"(max-width: 700px) 100vw, 700px\" \/>[\/vc_column_text][vc_column_text css=&#8221;.vc_custom_1706608364223{margin-bottom: 0px !important;border-bottom-width: 0px !important;padding-bottom: 0px !important;}&#8221;]<\/p>\n<div class=\"pavebleu\">\n<p style=\"text-align: center;\"><strong>CONTACT<\/strong><\/p>\n<div style=\"height: 5px;\"><\/div>\n<p style=\"text-align: center;\"><a href=\"mailto:kassandra.bertrand-bourdon@agilit.law\" target=\"blank\" rel=\"noopener noreferrer\"><i class=\"fa fa-envelope fa-lg\"><\/i> E-mail<\/a> <span style=\"color: #eaecf3;\">. ..<\/span> <a href=\"https:\/\/www.linkedin.com\/in\/kassandra-bertrand-bourdon-1a63529a\/?originalSubdomain=fr \" target=\"blank\" rel=\"noopener noreferrer\"><i class=\"fa fa-linkedin fa-lg\"><\/i> Linkedin<\/a><\/p>\n<div style=\"height: 18px;\"><\/div>\n<\/div>\n<p>[\/vc_column_text][vc_column_text css=&#8221;.vc_custom_1696230428929{padding-top: 22px !important;padding-right: 40px !important;padding-bottom: 5px !important;padding-left: 40px !important;}&#8221;]<\/p>\n<p style=\"text-align: center;\"><strong>SPOKEN LANGUAGES<\/strong><\/p>\n<p style=\"text-align: center;\"><img decoding=\"async\" loading=\"lazy\" src=\"https:\/\/www.agilit.law\/wp-content\/uploads\/2017\/09\/flag-france-1.png\" alt=\"Francais\" width=\"32\" height=\"32\" \/> <img decoding=\"async\" loading=\"lazy\" src=\"https:\/\/www.agilit.law\/wp-content\/uploads\/2017\/09\/flag-united-kingdom-1.png\" alt=\"Anglais\" width=\"32\" height=\"32\" \/><\/p>\n<p>[\/vc_column_text][\/vc_column_inner][vc_column_inner width=&#8221;2\/3&#8243; css=&#8221;.vc_custom_1533504533895{margin-right: 10px !important;margin-left: 10px !important;background-color: #d3d7e5 !important;}&#8221;][vc_column_text css=&#8221;.vc_custom_1736159498289{margin-bottom: 0px !important;border-bottom-width: 0px !important;padding-top: 25px !important;padding-right: 40px !important;padding-bottom: 40px !important;padding-left: 40px !important;}&#8221;]<\/p>\n<div class=\"pavebleu\">\n<h4 style=\"text-align: center;\"><span style=\"color: #202945;\"><img decoding=\"async\" loading=\"lazy\" class=\"alignnone size-full wp-image-3837\" src=\"https:\/\/www.agilit.law\/wp-content\/uploads\/2018\/08\/ap.png\" alt=\"\" width=\"29\" height=\"22\" \/><\/span><\/h4>\n<h4 style=\"text-align: center;\"><em><span style=\"color: #202945;\">My ambition is to help you bring your projects to life by offering you an in-depth understanding of the issues related to information technologies, in line with your needs.<\/span><\/em><\/h4>\n<\/div>\n<div style=\"height: 15px;\"><\/div>\n<p><strong>PRACTICE AREAS\u00a0<\/strong><\/p>\n<ul>\n<li><a href=\"https:\/\/www.agilit.law\/en\/expertises\/it-digital-telecoms\/\">IT &#8211; Digital \u2013 Telecoms<\/a><\/li>\n<li><a href=\"https:\/\/www.agilit.law\/en\/expertises\/personal-data\/\">Personal data protection<\/a><\/li>\n<li><a href=\"https:\/\/www.agilit.law\/en\/expertises\/internet-platforms-digital-communications\/\">Internet &#8211; Platforms &#8211; Digital communications<\/a><\/li>\n<li><a href=\"https:\/\/www.agilit.law\/en\/expertises\/security-cybercrime\/\">Digital security and cybercrime<\/a><\/li>\n<\/ul>\n<div style=\"height: 15px;\"><\/div>\n<p><strong>SPECIALTIES<\/strong><\/p>\n<ul>\n<li>Governance and compliance in the field of personal data protection<\/li>\n<li>E-commerce and web platforms<\/li>\n<\/ul>\n<div style=\"height: 15px;\"><\/div>\n<p><strong>ASSOCIATIONS, WORKING GROUPS AND TEACHING ACTIVITIES<\/strong><\/p>\n<ul>\n<li>Member of the Association fran\u00e7aise des correspondants \u00e0 la protection des donn\u00e9es \u00e0 caract\u00e8re personnel [French Association of Data Protection Officers (AFCDP)]<\/li>\n<\/ul>\n<div style=\"height: 15px;\"><\/div>\n<p><strong>QUALIFICATIONS &amp; EXPERIENCE<\/strong><\/p>\n<ul>\n<li>AGIL\u2019IT (since 2022) \u2013 Lawyer, IT &amp; Data Protection department<\/li>\n<li>Admitted to the Paris Bar in 2022<\/li>\n<li>Master in management (Grande Ecole Program) \u2013 Grenoble Ecole de Management<\/li>\n<li>Master II Intellectual Property and New Technologies Law \u2013 Universit\u00e9 Grenoble Alpes<\/li>\n<li>Master I Business law \u2013 Universit\u00e9 de Lille<\/li>\n<\/ul>\n<p>[\/vc_column_text][\/vc_column_inner][\/vc_row_inner][\/vc_column][\/vc_row][vc_row css=&#8221;.vc_custom_1533506209008{padding-bottom: 60px !important;background-color: #ffffff !important;}&#8221;][vc_column offset=&#8221;vc_col-lg-offset-1 vc_col-lg-10&#8243;][vc_row_inner][vc_column_inner][vc_column_text css=&#8221;.vc_custom_1696230476702{padding-top: 28px !important;}&#8221;]<\/p>\n<h3 style=\"text-align: center;\"><span style=\"color: #202945;\"><img decoding=\"async\" loading=\"lazy\" class=\"alignnone size-full wp-image-3654\" src=\"https:\/\/www.agilit.law\/wp-content\/uploads\/2018\/07\/blog.gif\" alt=\"\" width=\"41\" height=\"32\" \/>LATEST PUBLISHED ARTICLES<\/span><\/h3>\n<p>[\/vc_column_text][vc_column_text]<\/p>\n<p style=\"text-align: center;\"><a class=\"sn\" href=\"https:\/\/www.agilit.law\/en\/?page_id=12839\"><i class=\"fa fa-long-arrow-right\"><\/i> SEE ALL ARTICLES BY THIS AUTHOR<\/a><\/p>\n<p>[\/vc_column_text][vc_column_text]<!-- The Grid Plugin Version 2.6.60 --><!-- The Grid Wrapper Start --><div class=\"tg-grid-wrapper tg-txt full-height\" id=\"grid-12820\" data-version=\"2.6.60\"><!-- The Grid Styles --><style class=\"tg-grid-styles\" type=\"text\/css\" scoped>#grid-12820 .tg-nav-color:not(.dots):not(.tg-dropdown-value):not(.tg-dropdown-title):hover,#grid-12820 .tg-nav-color:hover .tg-nav-color,#grid-12820 .tg-page-number.tg-page-current,#grid-12820 .tg-filter.tg-filter-active span{color:#ff6863}#grid-12820 .tg-filter:before,#grid-12820 .tg-filter.tg-filter-active:before{color:#999999}#grid-12820 .tg-dropdown-holder,#grid-12820 .tg-search-inner,#grid-12820 .tg-sorter-order{border:1px solid #DDDDDD}#grid-12820 .tg-search-clear,#grid-12820 .tg-search-clear:hover{border:none;border-left:1px solid #DDDDDD}.tg-txt .tg-nav-font,.tg-txt input[type=text].tg-search{font-size:14px;font-weight:600}.tg-txt .tg-search::-webkit-input-placeholder{font-size:14px}.tg-txt .tg-search::-moz-placeholder{font-size:14px}.tg-txt .tg-search:-ms-input-placeholder{font-size:14px}.tg-txt .tg-icon-left-arrow:before{content:\"\\e604\";font-size:32px;font-weight:100}.tg-txt .tg-icon-right-arrow:before{content:\"\\e602\";font-size:32px;font-weight:100}.tg-txt .tg-icon-dropdown-open:before,.tg-txt .tg-icon-sorter-down:before{content:\"\\e60a\"}.tg-txt .tg-icon-sorter-up:before{content:\"\\e609\"}.tg-txt .tg-search-clear:before{content:\"\\e611\";font-weight:300}.tg-txt .tg-search-icon:before{content:\"\\e62e\";font-size:16px;font-weight:600}#grid-12820 .tg-nav-color,#grid-12820 .tg-search-icon:hover:before,#grid-12820 .tg-search-icon:hover input,#grid-12820 .tg-disabled:hover .tg-icon-left-arrow,#grid-12820 .tg-disabled:hover .tg-icon-right-arrow,#grid-12820 .tg-dropdown-title.tg-nav-color:hover{color:#999999}#grid-12820 input.tg-search:hover{color:#999999 !important}#grid-12820 input.tg-search::-webkit-input-placeholder{color:#999999}#grid-12820 input.tg-search::-moz-placeholder{color:#999999;opacity:1}#grid-12820 input.tg-search:-ms-input-placeholder{color:#999999}.grid-12820 .tg-dropdown-item{color:#777777;background:#ffffff}.grid-12820 .tg-filter-active,.grid-12820 .tg-dropdown-item:hover{color:#444444;background:#f5f6fa}#grid-12820 .tg-slider-bullets li.tg-active-item span{background:#59585b}#grid-12820 .tg-slider-bullets li span{background:#DDDDDD}.tg-my-skin-qomino a:not([class*=\"tg-element-\"]),.tg-my-skin-qomino a:not([class*=\"tg-element-\"]):active,.tg-my-skin-qomino a:not([class*=\"tg-element-\"]):focus,.tg-my-skin-qomino [class*=\"tg-element-\"] *:not(del){margin:0;padding:0;color:inherit !important;text-align:inherit;font-size:inherit;font-style:inherit;line-height:inherit;font-weight:inherit;text-transform:inherit;text-decoration:inherit;-webkit-box-shadow:none;box-shadow:none;border:none}.tg-my-skin-qomino [class*=\"tg-element-\"],.tg-my-skin-qomino .tg-item-overlay,.tg-my-skin-qomino .tg-center-holder,.tg-my-skin-qomino .tg-center-inner > *{vertical-align:middle}.tg-my-skin-qomino .tg-item-media-holder{overflow:visible !important}.tg-my-skin-qomino .tg-item-overlay{background-color:rgba(12,12,12,0.14) !important;background-size:contain;background-repeat:repeat-x;background-position-y:0px;position:absolute;display:block;top:0;left:0;bottom:0;right:0;background-image:url(https:\/\/www.agilit.law\/wp-content\/uploads\/2018\/08\/a-3.png) !important;opacity:1;visibility:visible;-webkit-transition:all 700ms ease !important;-moz-transition:all 700ms ease !important;-ms-transition:all 700ms ease !important;transition:all 700ms ease !important}.tg-my-skin-qomino:not(.tg-force-play):not(.tg-is-playing):hover .tg-item-overlay{opacity:0;visibility:hidden}.tg-my-skin-qomino:not(.tg-force-play):not(.tg-is-playing) .tg-item-media-inner > *{-webkit-transition:all 360ms ease;-moz-transition:all 360ms ease;-ms-transition:all 360ms ease;transition:all 360ms ease;-webkit-transform:perspective(500px)scale3d(1.03,1.03,1);-moz-transform:perspective(500px)scale3d(1.03,1.03,1);-ms-transform:perspective(500px)scale3d(1.03,1.03,1);transform:perspective(500px)scale3d(1.03,1.03,1)}.tg-my-skin-qomino:not(.tg-force-play):not(.tg-is-playing) .tg-item-media-holder:hover .tg-item-media-inner > *{-webkit-transform:perspective(500px)scale3d(1,1,1);-moz-transform:perspective(500px)scale3d(1,1,1);-ms-transform:perspective(500px)scale3d(1,1,1);transform:perspective(500px)scale3d(1,1,1)}.tg-my-skin-qomino .tg-bottom-holder{-webkit-transition:all 410ms ease-out;-moz-transition:all 410ms ease-out;-ms-transition:all 410ms ease-out;transition:all 410ms ease-out;-webkit-transform:translate3d(0px,50px,0px);-moz-transform:translate3d(0px,50px,0px);-ms-transform:translate3d(0px,50px,0px);transform:translate3d(0px,50px,0px)}.tg-my-skin-qomino:hover .tg-bottom-holder{-webkit-transform:translate3d(0,0,0);-moz-transform:translate3d(0,0,0);-ms-transform:translate3d(0,0,0);transform:translate3d(0,0,0)}.tg-my-skin-qomino div.tg-item-media-content{text-align:center;background-color:rgba(255,255,255,0.01)}.tg-my-skin-qomino .tg-element-1{position:relative;font-size:17px;line-height:24px;font-weight:400;text-transform:none;display:block;margin:0 11px;padding:8px 0;opacity:1;visibility:visible;-webkit-transition:all 400ms ease;-moz-transition:all 400ms ease;-ms-transition:all 400ms ease;transition:all 400ms ease}.tg-my-skin-qomino:hover .tg-element-1{opacity:0;visibility:hidden}.tg-my-skin-qomino .tg-element-3{position:relative;font-size:11px;line-height:22px;font-weight:600;text-transform:uppercase;text-align:center;letter-spacing:0.7px;background-color:#ff5a5f !important;display:inline-block;margin:3px 3px 20px;padding:4px 13px 5px;border-radius:4px;opacity:0;visibility:hidden;-webkit-transition:all 400ms ease-in;-moz-transition:all 400ms ease-in;-ms-transition:all 400ms ease-in;transition:all 400ms ease-in}.tg-my-skin-qomino:hover .tg-element-3{opacity:1;visibility:visible}.tg-item .tg-dark div,.tg-item .tg-dark h1,.tg-item .tg-dark h1 a,.tg-item .tg-dark h2,.tg-item .tg-dark h2 a,.tg-item .tg-dark h3,.tg-item .tg-dark h3 a,.tg-item .tg-dark h4,.tg-item .tg-dark h4 a,.tg-item .tg-dark h5,.tg-item .tg-dark h5 a,.tg-item .tg-dark h6,.tg-item .tg-dark h6 a,.tg-item .tg-dark a,.tg-item .tg-dark a.tg-link-url,.tg-item .tg-dark i,.tg-item .tg-dark .tg-media-button,.tg-item .tg-dark .tg-item-price span{color:#444444;fill:#444444;stroke:#444444;border-color:#444444}.tg-item .tg-dark p,.tg-item .tg-dark ol,.tg-item .tg-dark ul,.tg-item .tg-dark li{color:#777777;fill:#777777;stroke:#777777;border-color:#777777}.tg-item .tg-dark span,.tg-item .tg-dark .no-liked .to-heart-icon path,.tg-item .tg-dark .empty-heart .to-heart-icon path,.tg-item .tg-dark .tg-item-comment i,.tg-item .tg-dark .tg-item-price del span{color:#999999;fill:#999999;stroke:#999999;border-color:#999999}.tg-item .tg-light div,.tg-item .tg-light h1,.tg-item .tg-light h1 a,.tg-item .tg-light h2,.tg-item .tg-light h2 a,.tg-item .tg-light h3,.tg-item .tg-light h3 a,.tg-item .tg-light h4,.tg-item .tg-light h4 a,.tg-item .tg-light h5,.tg-item .tg-light h5 a,.tg-item .tg-light h6,.tg-item .tg-light h6 a,.tg-item .tg-light a,.tg-item .tg-light a.tg-link-url,.tg-item .tg-light i,.tg-item .tg-light .tg-media-button,.tg-item .tg-light .tg-item-price span{color:#ffffff;fill:#ffffff;stroke:#ffffff;border-color:#ffffff}.tg-item .tg-light p,.tg-item .tg-light ol,.tg-item .tg-light ul,.tg-item .tg-light li{color:#f5f5f5;fill:#f5f5f5;stroke:#f5f5f5;border-color:#f5f5f5}.tg-item .tg-light span,.tg-item .tg-light .no-liked .to-heart-icon path,.tg-item .tg-light .empty-heart .to-heart-icon path,.tg-item .tg-light .tg-item-comment i,.tg-item .tg-light .tg-item-price del span{color:#f6f6f6;fill:#f6f6f6;stroke:#f6f6f6;border-color:#f6f6f6}#grid-12820 .tg-item-content-holder{background-color:#ffffff}#grid-12820 .tg-item-overlay{background-color:rgba(22,22,22,0.65)}<\/style><!-- The Grid Item Sizer --><div class=\"tg-grid-sizer\"><\/div><!-- The Grid Gutter Sizer --><div class=\"tg-gutter-sizer\"><\/div><!-- The Grid Items Holder --><div class=\"tg-grid-holder tg-layout-grid\"  data-name=\"kassandra bertrand bourdon Extrait\"  data-style=\"grid\" data-row=\"1\" data-layout=\"vertical\" data-rtl=\"\" data-fitrows=\"\" data-filtercomb=\"\" data-filterlogic=\"AND\" data-filterload =\"\" data-sortbyload =\"\" data-orderload =\"false\" data-fullwidth=\"\" data-fullheight=\"null\" data-gutters=\"[[320,15],[480,15],[768,15],[980,15],[1200,15],[9999,15]]\" data-slider='{\"itemNav\":\"null\",\"swingSpeed\":0.1,\"cycleBy\":\"null\",\"cycle\":5000,\"startAt\":1}' data-ratio=\"1.78\" data-cols=\"[[320,1],[480,1],[768,1],[980,3],[1200,3],[9999,3]]\" data-rows=\"[[320,200],[480,200],[768,220],[980,220],[1200,240],[9999,240]]\" data-animation='{&quot;name&quot;:&quot;Fade in&quot;,&quot;visible&quot;:&quot;&quot;,&quot;hidden&quot;:&quot;&quot;}' data-transition=\"700ms\" data-ajaxmethod=\"load_more\" data-ajaxdelay=\"100\" data-preloader=\"\" data-itemdelay=\"100\" data-gallery=\"\" data-ajax=\"\"><!-- The Grid item #1 --><article class=\"tg-item tg-post-14267 tg-my-skin-qomino f150 f147 f73 f133\" data-row=\"1\" data-col=\"1\"><div class=\"tg-item-inner\"><div class=\"tg-item-media-holder tg-light\"><div class=\"tg-item-media-inner\"><div class=\"tg-item-image\" style=\"background-image: url(https:\/\/www.agilit.law\/wp-content\/uploads\/2024\/09\/email-3249062_1280.png)\"><\/div><\/div><div class=\"tg-item-media-content \"><div class=\"tg-item-overlay\"><\/div><a class=\"tg-element-absolute\" target=\"_self\" href=\"https:\/\/www.agilit.law\/en\/donnees-caractere-personnel\/violation-donnees-caractere-personnel-erreur-humaine-salarie-responsabilite-responsable-traitement\/\"><\/a><div class=\"tg-bottom-holder\"><h2 class=\"tg-item-title tg-element-1\"><a target=\"_self\" href=\"https:\/\/www.agilit.law\/en\/donnees-caractere-personnel\/violation-donnees-caractere-personnel-erreur-humaine-salarie-responsabilite-responsable-traitement\/\">Violation de donn\u00e9es \u00e0 caract\u00e8re personnel : l&#8217;erreur humaine d&#8217;un salari\u00e9 n&#8217;exon\u00e8re pas le responsable de traitement de sa responsabilit\u00e9 !<\/a><\/h2><div class=\"tg-element-3\"><a target=\"_self\" href=\"https:\/\/www.agilit.law\/en\/donnees-caractere-personnel\/violation-donnees-caractere-personnel-erreur-humaine-salarie-responsabilite-responsable-traitement\/\">Lire la suite<\/a><\/div><\/div><\/div><\/div><\/div><\/article><\/div><\/div><!-- The Grid Wrapper End -->[\/vc_column_text][vc_column_text]<\/p>\n<p style=\"text-align: center;\"><a class=\"sn\" href=\"https:\/\/www.agilit.law\/en\/about\/team\/\"><i class=\"fa fa-long-arrow-right\"><\/i> OTHER TEAM MEMBERS<\/a><\/p>\n<p>[\/vc_column_text][\/vc_column_inner][\/vc_row_inner][\/vc_column][\/vc_row][vc_row][vc_column][vc_column_text]<\/p>\n<p>[\/vc_column_text][\/vc_column][\/vc_row]<\/p>\n","protected":false},"excerpt":{"rendered":"<p>Avocate associ\u00e9e. Droit des technologies de l&#8217;information et de la protection des donn\u00e9es \u00e0 caract\u00e8re personnel.<\/p>\n","protected":false},"author":1,"featured_media":12809,"parent":7783,"menu_order":0,"comment_status":"closed","ping_status":"closed","template":"","meta":{"footnotes":""},"coauthors":[95],"yoast_head":"<!-- This site is optimized with the Yoast SEO plugin v21.3 - https:\/\/yoast.com\/wordpress\/plugins\/seo\/ -->\n<title>Kassandra VIDEAU - AGIL&#039;IT<\/title>\n<meta name=\"description\" content=\"AssociateIT &amp; Data protection\" \/>\n<meta name=\"robots\" content=\"index, follow, max-snippet:-1, max-image-preview:large, max-video-preview:-1\" \/>\n<link rel=\"canonical\" href=\"https:\/\/www.agilit.law\/en\/about\/team\/kassandra-bertrand-bourdon\/\" \/>\n<meta property=\"og:locale\" content=\"en_US\" \/>\n<meta property=\"og:type\" content=\"article\" \/>\n<meta property=\"og:title\" content=\"Kassandra VIDEAU - AGIL&#039;IT\" \/>\n<meta property=\"og:description\" content=\"AssociateIT &amp; Data protection\" \/>\n<meta property=\"og:url\" content=\"https:\/\/www.agilit.law\/en\/about\/team\/kassandra-bertrand-bourdon\/\" \/>\n<meta property=\"og:site_name\" content=\"AGIL&#039;IT\" \/>\n<meta property=\"article:modified_time\" content=\"2025-07-08T07:39:12+00:00\" \/>\n<meta property=\"og:image\" content=\"https:\/\/www.agilit.law\/wp-content\/uploads\/2023\/10\/Kassandra-BERTRAND-BOURDON.jpg\" \/>\n\t<meta property=\"og:image:width\" content=\"700\" \/>\n\t<meta property=\"og:image:height\" content=\"700\" \/>\n\t<meta property=\"og:image:type\" content=\"image\/jpeg\" \/>\n<meta name=\"twitter:card\" content=\"summary_large_image\" \/>\n<meta name=\"twitter:label1\" content=\"Est. reading time\" \/>\n\t<meta name=\"twitter:data1\" content=\"3 minutes\" \/>\n\t<meta name=\"twitter:label2\" content=\"Written by\" \/>\n\t<meta name=\"twitter:data2\" content=\"Laure Landes-Gronowski, Kassandra BERTRAND-BOURDON\" \/>\n<script type=\"application\/ld+json\" class=\"yoast-schema-graph\">{\"@context\":\"https:\/\/schema.org\",\"@graph\":[{\"@type\":\"WebPage\",\"@id\":\"https:\/\/www.agilit.law\/en\/about\/team\/kassandra-bertrand-bourdon\/\",\"url\":\"https:\/\/www.agilit.law\/en\/about\/team\/kassandra-bertrand-bourdon\/\",\"name\":\"Kassandra VIDEAU - AGIL&#039;IT\",\"isPartOf\":{\"@id\":\"https:\/\/www.agilit.law\/#website\"},\"datePublished\":\"2023-10-02T07:03:35+00:00\",\"dateModified\":\"2025-07-08T07:39:12+00:00\",\"description\":\"AssociateIT & Data protection\",\"breadcrumb\":{\"@id\":\"https:\/\/www.agilit.law\/en\/about\/team\/kassandra-bertrand-bourdon\/#breadcrumb\"},\"inLanguage\":\"en-US\",\"potentialAction\":[{\"@type\":\"ReadAction\",\"target\":[\"https:\/\/www.agilit.law\/en\/about\/team\/kassandra-bertrand-bourdon\/\"]}]},{\"@type\":\"BreadcrumbList\",\"@id\":\"https:\/\/www.agilit.law\/en\/about\/team\/kassandra-bertrand-bourdon\/#breadcrumb\",\"itemListElement\":[{\"@type\":\"ListItem\",\"position\":1,\"name\":\"Accueil\",\"item\":\"https:\/\/www.agilit.law\/en\/\"},{\"@type\":\"ListItem\",\"position\":2,\"name\":\"AGIL&#8217;IT\",\"item\":\"https:\/\/www.agilit.law\/en\/about\/\"},{\"@type\":\"ListItem\",\"position\":3,\"name\":\"Our team\",\"item\":\"https:\/\/www.agilit.law\/en\/about\/team\/\"},{\"@type\":\"ListItem\",\"position\":4,\"name\":\"Kassandra VIDEAU\"}]},{\"@type\":\"WebSite\",\"@id\":\"https:\/\/www.agilit.law\/#website\",\"url\":\"https:\/\/www.agilit.law\/\",\"name\":\"AGIL&#039;IT\",\"description\":\"Make things simple\",\"potentialAction\":[{\"@type\":\"SearchAction\",\"target\":{\"@type\":\"EntryPoint\",\"urlTemplate\":\"https:\/\/www.agilit.law\/?s={search_term_string}\"},\"query-input\":\"required name=search_term_string\"}],\"inLanguage\":\"en-US\"}]}<\/script>\n<!-- \/ Yoast SEO plugin. -->","yoast_head_json":{"title":"Kassandra VIDEAU - AGIL&#039;IT","description":"AssociateIT & Data protection","robots":{"index":"index","follow":"follow","max-snippet":"max-snippet:-1","max-image-preview":"max-image-preview:large","max-video-preview":"max-video-preview:-1"},"canonical":"https:\/\/www.agilit.law\/en\/about\/team\/kassandra-bertrand-bourdon\/","og_locale":"en_US","og_type":"article","og_title":"Kassandra VIDEAU - AGIL&#039;IT","og_description":"AssociateIT & Data protection","og_url":"https:\/\/www.agilit.law\/en\/about\/team\/kassandra-bertrand-bourdon\/","og_site_name":"AGIL&#039;IT","article_modified_time":"2025-07-08T07:39:12+00:00","og_image":[{"width":700,"height":700,"url":"https:\/\/www.agilit.law\/wp-content\/uploads\/2023\/10\/Kassandra-BERTRAND-BOURDON.jpg","type":"image\/jpeg"}],"twitter_card":"summary_large_image","twitter_misc":{"Est. reading time":"3 minutes","Written by":"Laure Landes-Gronowski, Kassandra BERTRAND-BOURDON"},"schema":{"@context":"https:\/\/schema.org","@graph":[{"@type":"WebPage","@id":"https:\/\/www.agilit.law\/en\/about\/team\/kassandra-bertrand-bourdon\/","url":"https:\/\/www.agilit.law\/en\/about\/team\/kassandra-bertrand-bourdon\/","name":"Kassandra VIDEAU - AGIL&#039;IT","isPartOf":{"@id":"https:\/\/www.agilit.law\/#website"},"datePublished":"2023-10-02T07:03:35+00:00","dateModified":"2025-07-08T07:39:12+00:00","description":"AssociateIT & Data protection","breadcrumb":{"@id":"https:\/\/www.agilit.law\/en\/about\/team\/kassandra-bertrand-bourdon\/#breadcrumb"},"inLanguage":"en-US","potentialAction":[{"@type":"ReadAction","target":["https:\/\/www.agilit.law\/en\/about\/team\/kassandra-bertrand-bourdon\/"]}]},{"@type":"BreadcrumbList","@id":"https:\/\/www.agilit.law\/en\/about\/team\/kassandra-bertrand-bourdon\/#breadcrumb","itemListElement":[{"@type":"ListItem","position":1,"name":"Accueil","item":"https:\/\/www.agilit.law\/en\/"},{"@type":"ListItem","position":2,"name":"AGIL&#8217;IT","item":"https:\/\/www.agilit.law\/en\/about\/"},{"@type":"ListItem","position":3,"name":"Our team","item":"https:\/\/www.agilit.law\/en\/about\/team\/"},{"@type":"ListItem","position":4,"name":"Kassandra VIDEAU"}]},{"@type":"WebSite","@id":"https:\/\/www.agilit.law\/#website","url":"https:\/\/www.agilit.law\/","name":"AGIL&#039;IT","description":"Make things simple","potentialAction":[{"@type":"SearchAction","target":{"@type":"EntryPoint","urlTemplate":"https:\/\/www.agilit.law\/?s={search_term_string}"},"query-input":"required name=search_term_string"}],"inLanguage":"en-US"}]}},"_links":{"self":[{"href":"https:\/\/www.agilit.law\/en\/wp-json\/wp\/v2\/pages\/12850"}],"collection":[{"href":"https:\/\/www.agilit.law\/en\/wp-json\/wp\/v2\/pages"}],"about":[{"href":"https:\/\/www.agilit.law\/en\/wp-json\/wp\/v2\/types\/page"}],"author":[{"embeddable":true,"href":"https:\/\/www.agilit.law\/en\/wp-json\/wp\/v2\/users\/1"}],"replies":[{"embeddable":true,"href":"https:\/\/www.agilit.law\/en\/wp-json\/wp\/v2\/comments?post=12850"}],"version-history":[{"count":12,"href":"https:\/\/www.agilit.law\/en\/wp-json\/wp\/v2\/pages\/12850\/revisions"}],"predecessor-version":[{"id":14530,"href":"https:\/\/www.agilit.law\/en\/wp-json\/wp\/v2\/pages\/12850\/revisions\/14530"}],"up":[{"embeddable":true,"href":"https:\/\/www.agilit.law\/en\/wp-json\/wp\/v2\/pages\/7783"}],"wp:featuredmedia":[{"embeddable":true,"href":"https:\/\/www.agilit.law\/en\/wp-json\/wp\/v2\/media\/12809"}],"wp:attachment":[{"href":"https:\/\/www.agilit.law\/en\/wp-json\/wp\/v2\/media?parent=12850"}],"wp:term":[{"taxonomy":"author","embeddable":true,"href":"https:\/\/www.agilit.law\/en\/wp-json\/wp\/v2\/coauthors?post=12850"}],"curies":[{"name":"wp","href":"https:\/\/api.w.org\/{rel}","templated":true}]}}