{"id":12839,"date":"2023-10-02T09:20:07","date_gmt":"2023-10-02T07:20:07","guid":{"rendered":"https:\/\/www.agilit.law\/?page_id=12839"},"modified":"2023-10-02T09:20:07","modified_gmt":"2023-10-02T07:20:07","slug":"kassandra-bertrand-bourdon","status":"publish","type":"page","link":"https:\/\/www.agilit.law\/en\/news\/kassandra-bertrand-bourdon\/","title":{"rendered":"Articles by Kassandra Bertrand-Bourdon"},"content":{"rendered":"<p>[vc_row css=&#8221;.vc_custom_1497731907741{margin-bottom: 0px !important;border-bottom-width: 0px !important;padding-bottom: 0px !important;}&#8221;][vc_column][vc_empty_space height=&#8221;70&#8243;][vc_separator css=&#8221;.vc_custom_1497693162942{margin-bottom: 0px !important;border-bottom-width: 0px !important;padding-bottom: 0px !important;}&#8221;][\/vc_column][\/vc_row][vc_row thb_full_width=&#8221;true&#8221; thb_row_padding=&#8221;true&#8221; thb_column_padding=&#8221;true&#8221; css=&#8221;.vc_custom_1504278078822{margin-top: 0px !important;border-top-width: 0px !important;padding-top: 0px !important;padding-bottom: 0px !important;}&#8221; thb_row_title=&#8221;Save time, travel safe&#8221; thb_video_bg=&#8221;https:\/\/www.agilit.law\/wp-content\/uploads\/2017\/06\/agilit.mp4&#8243;][vc_column thb_color=&#8221;thb-light-column&#8221; css=&#8221;.vc_custom_1497828507808{padding-top: 55px !important;padding-bottom: 40px !important;background-position: center !important;background-repeat: no-repeat !important;background-size: cover !important;}&#8221;][vc_row_inner][vc_column_inner animation=&#8221;animation fade-in&#8221;][vc_column_text css=&#8221;.vc_custom_1696228507430{margin-top: 0px !important;margin-bottom: 0px !important;border-top-width: 0px !important;border-bottom-width: 0px !important;padding-top: 0px !important;padding-bottom: 20px !important;}&#8221;]<\/p>\n<h1 class=\"bannerhome\" style=\"text-align: center;\"><span style=\"text-transform: uppercase;\">ARTICLES BY KASSANDRA BERTRAND-BOURDON<\/span><\/h1>\n<div style=\"height: 35px;\"><\/div>\n<p style=\"text-align: center;\"><a class=\"petitbt\" href=\"https:\/\/www.agilit.law\/en\/about\/team\/kassandra-bertrand-bourdon\/\"><i class=\"fa fa-long-arrow-right\"><\/i> Voir le profil<\/a><\/p>\n<p>[\/vc_column_text][\/vc_column_inner][\/vc_row_inner][\/vc_column][\/vc_row][vc_row css=&#8221;.vc_custom_1534264535640{margin-bottom: 0px !important;border-bottom-width: 0px !important;padding-top: 40px !important;padding-bottom: 0px !important;background-color: #ffffff !important;}&#8221; thb_row_title=&#8221;Save time, travel safe&#8221;][vc_column offset=&#8221;vc_col-lg-offset-1 vc_col-lg-10&#8243;][vc_column_text]<!-- The Grid Plugin Version 2.6.60 --><!-- The Grid Wrapper Start --><div class=\"tg-grid-wrapper tg-txt full-height\" id=\"grid-12825\" data-version=\"2.6.60\"><!-- The Grid Styles --><style class=\"tg-grid-styles\" type=\"text\/css\" scoped>#grid-12825 .tg-nav-color:not(.dots):not(.tg-dropdown-value):not(.tg-dropdown-title):hover,#grid-12825 .tg-nav-color:hover .tg-nav-color,#grid-12825 .tg-page-number.tg-page-current,#grid-12825 .tg-filter.tg-filter-active span{color:#ff6863}#grid-12825 .tg-filter:before,#grid-12825 .tg-filter.tg-filter-active:before{color:#999999}#grid-12825 .tg-dropdown-holder,#grid-12825 .tg-search-inner,#grid-12825 .tg-sorter-order{border:1px solid #DDDDDD}#grid-12825 .tg-search-clear,#grid-12825 .tg-search-clear:hover{border:none;border-left:1px solid #DDDDDD}.tg-txt .tg-nav-font,.tg-txt input[type=text].tg-search{font-size:14px;font-weight:600}.tg-txt .tg-search::-webkit-input-placeholder{font-size:14px}.tg-txt .tg-search::-moz-placeholder{font-size:14px}.tg-txt .tg-search:-ms-input-placeholder{font-size:14px}.tg-txt .tg-icon-left-arrow:before{content:\"\\e604\";font-size:32px;font-weight:100}.tg-txt .tg-icon-right-arrow:before{content:\"\\e602\";font-size:32px;font-weight:100}.tg-txt .tg-icon-dropdown-open:before,.tg-txt .tg-icon-sorter-down:before{content:\"\\e60a\"}.tg-txt .tg-icon-sorter-up:before{content:\"\\e609\"}.tg-txt .tg-search-clear:before{content:\"\\e611\";font-weight:300}.tg-txt .tg-search-icon:before{content:\"\\e62e\";font-size:16px;font-weight:600}#grid-12825 .tg-nav-color,#grid-12825 .tg-search-icon:hover:before,#grid-12825 .tg-search-icon:hover input,#grid-12825 .tg-disabled:hover .tg-icon-left-arrow,#grid-12825 .tg-disabled:hover .tg-icon-right-arrow,#grid-12825 .tg-dropdown-title.tg-nav-color:hover{color:#999999}#grid-12825 input.tg-search:hover{color:#999999 !important}#grid-12825 input.tg-search::-webkit-input-placeholder{color:#999999}#grid-12825 input.tg-search::-moz-placeholder{color:#999999;opacity:1}#grid-12825 input.tg-search:-ms-input-placeholder{color:#999999}.grid-12825 .tg-dropdown-item{color:#777777;background:#ffffff}.grid-12825 .tg-filter-active,.grid-12825 .tg-dropdown-item:hover{color:#444444;background:#f5f6fa}#grid-12825 .tg-slider-bullets li.tg-active-item span{background:#59585b}#grid-12825 .tg-slider-bullets li span{background:#DDDDDD}.tg-my-skin-qomino a:not([class*=\"tg-element-\"]),.tg-my-skin-qomino a:not([class*=\"tg-element-\"]):active,.tg-my-skin-qomino a:not([class*=\"tg-element-\"]):focus,.tg-my-skin-qomino [class*=\"tg-element-\"] *:not(del){margin:0;padding:0;color:inherit !important;text-align:inherit;font-size:inherit;font-style:inherit;line-height:inherit;font-weight:inherit;text-transform:inherit;text-decoration:inherit;-webkit-box-shadow:none;box-shadow:none;border:none}.tg-my-skin-qomino [class*=\"tg-element-\"],.tg-my-skin-qomino .tg-item-overlay,.tg-my-skin-qomino .tg-center-holder,.tg-my-skin-qomino .tg-center-inner > *{vertical-align:middle}.tg-my-skin-qomino .tg-item-media-holder{overflow:visible !important}.tg-my-skin-qomino .tg-item-overlay{background-color:rgba(12,12,12,0.14) !important;background-size:contain;background-repeat:repeat-x;background-position-y:0px;position:absolute;display:block;top:0;left:0;bottom:0;right:0;background-image:url(https:\/\/www.agilit.law\/wp-content\/uploads\/2018\/08\/a-3.png) !important;opacity:1;visibility:visible;-webkit-transition:all 700ms ease !important;-moz-transition:all 700ms ease !important;-ms-transition:all 700ms ease !important;transition:all 700ms ease !important}.tg-my-skin-qomino:not(.tg-force-play):not(.tg-is-playing):hover .tg-item-overlay{opacity:0;visibility:hidden}.tg-my-skin-qomino:not(.tg-force-play):not(.tg-is-playing) .tg-item-media-inner > *{-webkit-transition:all 360ms ease;-moz-transition:all 360ms ease;-ms-transition:all 360ms ease;transition:all 360ms ease;-webkit-transform:perspective(500px)scale3d(1.03,1.03,1);-moz-transform:perspective(500px)scale3d(1.03,1.03,1);-ms-transform:perspective(500px)scale3d(1.03,1.03,1);transform:perspective(500px)scale3d(1.03,1.03,1)}.tg-my-skin-qomino:not(.tg-force-play):not(.tg-is-playing) .tg-item-media-holder:hover .tg-item-media-inner > *{-webkit-transform:perspective(500px)scale3d(1,1,1);-moz-transform:perspective(500px)scale3d(1,1,1);-ms-transform:perspective(500px)scale3d(1,1,1);transform:perspective(500px)scale3d(1,1,1)}.tg-my-skin-qomino .tg-bottom-holder{-webkit-transition:all 410ms ease-out;-moz-transition:all 410ms ease-out;-ms-transition:all 410ms ease-out;transition:all 410ms ease-out;-webkit-transform:translate3d(0px,50px,0px);-moz-transform:translate3d(0px,50px,0px);-ms-transform:translate3d(0px,50px,0px);transform:translate3d(0px,50px,0px)}.tg-my-skin-qomino:hover .tg-bottom-holder{-webkit-transform:translate3d(0,0,0);-moz-transform:translate3d(0,0,0);-ms-transform:translate3d(0,0,0);transform:translate3d(0,0,0)}.tg-my-skin-qomino div.tg-item-media-content{text-align:center;background-color:rgba(255,255,255,0.01)}.tg-my-skin-qomino .tg-element-1{position:relative;font-size:17px;line-height:24px;font-weight:400;text-transform:none;display:block;margin:0 11px;padding:8px 0;opacity:1;visibility:visible;-webkit-transition:all 400ms ease;-moz-transition:all 400ms ease;-ms-transition:all 400ms ease;transition:all 400ms ease}.tg-my-skin-qomino:hover .tg-element-1{opacity:0;visibility:hidden}.tg-my-skin-qomino .tg-element-3{position:relative;font-size:11px;line-height:22px;font-weight:600;text-transform:uppercase;text-align:center;letter-spacing:0.7px;background-color:#ff5a5f !important;display:inline-block;margin:3px 3px 20px;padding:4px 13px 5px;border-radius:4px;opacity:0;visibility:hidden;-webkit-transition:all 400ms ease-in;-moz-transition:all 400ms ease-in;-ms-transition:all 400ms ease-in;transition:all 400ms ease-in}.tg-my-skin-qomino:hover .tg-element-3{opacity:1;visibility:visible}.tg-item .tg-dark div,.tg-item .tg-dark h1,.tg-item .tg-dark h1 a,.tg-item .tg-dark h2,.tg-item .tg-dark h2 a,.tg-item .tg-dark h3,.tg-item .tg-dark h3 a,.tg-item .tg-dark h4,.tg-item .tg-dark h4 a,.tg-item .tg-dark h5,.tg-item .tg-dark h5 a,.tg-item .tg-dark h6,.tg-item .tg-dark h6 a,.tg-item .tg-dark a,.tg-item .tg-dark a.tg-link-url,.tg-item .tg-dark i,.tg-item .tg-dark .tg-media-button,.tg-item .tg-dark .tg-item-price span{color:#444444;fill:#444444;stroke:#444444;border-color:#444444}.tg-item .tg-dark p,.tg-item .tg-dark ol,.tg-item .tg-dark ul,.tg-item .tg-dark li{color:#777777;fill:#777777;stroke:#777777;border-color:#777777}.tg-item .tg-dark span,.tg-item .tg-dark .no-liked .to-heart-icon path,.tg-item .tg-dark .empty-heart .to-heart-icon path,.tg-item .tg-dark .tg-item-comment i,.tg-item .tg-dark .tg-item-price del span{color:#999999;fill:#999999;stroke:#999999;border-color:#999999}.tg-item .tg-light div,.tg-item .tg-light h1,.tg-item .tg-light h1 a,.tg-item .tg-light h2,.tg-item .tg-light h2 a,.tg-item .tg-light h3,.tg-item .tg-light h3 a,.tg-item .tg-light h4,.tg-item .tg-light h4 a,.tg-item .tg-light h5,.tg-item .tg-light h5 a,.tg-item .tg-light h6,.tg-item .tg-light h6 a,.tg-item .tg-light a,.tg-item .tg-light a.tg-link-url,.tg-item .tg-light i,.tg-item .tg-light .tg-media-button,.tg-item .tg-light .tg-item-price span{color:#ffffff;fill:#ffffff;stroke:#ffffff;border-color:#ffffff}.tg-item .tg-light p,.tg-item .tg-light ol,.tg-item .tg-light ul,.tg-item .tg-light li{color:#f5f5f5;fill:#f5f5f5;stroke:#f5f5f5;border-color:#f5f5f5}.tg-item .tg-light span,.tg-item .tg-light .no-liked .to-heart-icon path,.tg-item .tg-light .empty-heart .to-heart-icon path,.tg-item .tg-light .tg-item-comment i,.tg-item .tg-light .tg-item-price del span{color:#f6f6f6;fill:#f6f6f6;stroke:#f6f6f6;border-color:#f6f6f6}#grid-12825 .tg-item-content-holder{background-color:#ffffff}#grid-12825 .tg-item-overlay{background-color:rgba(22,22,22,0.65)}<\/style><!-- The Grid Item Sizer --><div class=\"tg-grid-sizer\"><\/div><!-- The Grid Gutter Sizer --><div class=\"tg-gutter-sizer\"><\/div><!-- The Grid Items Holder --><div class=\"tg-grid-holder tg-layout-grid\"  data-name=\"kassandra-bertrand-bourdon\"  data-style=\"grid\" data-row=\"1\" data-layout=\"vertical\" data-rtl=\"\" data-fitrows=\"\" data-filtercomb=\"\" data-filterlogic=\"AND\" data-filterload =\"\" data-sortbyload =\"\" data-orderload =\"false\" data-fullwidth=\"\" data-fullheight=\"null\" data-gutters=\"[[320,15],[480,15],[768,15],[980,15],[1200,15],[9999,15]]\" data-slider='{\"itemNav\":\"null\",\"swingSpeed\":0.1,\"cycleBy\":\"null\",\"cycle\":5000,\"startAt\":1}' data-ratio=\"1.78\" data-cols=\"[[320,1],[480,1],[768,1],[980,3],[1200,3],[9999,3]]\" data-rows=\"[[320,200],[480,200],[768,220],[980,220],[1200,240],[9999,240]]\" data-animation='{&quot;name&quot;:&quot;Fade in&quot;,&quot;visible&quot;:&quot;&quot;,&quot;hidden&quot;:&quot;&quot;}' data-transition=\"700ms\" data-ajaxmethod=\"\" data-ajaxdelay=\"100\" data-preloader=\"\" data-itemdelay=\"100\" data-gallery=\"\" data-ajax=\"\"><!-- The Grid item #1 --><article class=\"tg-item tg-post-14267 tg-my-skin-qomino f150 f147 f73 f133\" data-row=\"1\" data-col=\"1\"><div class=\"tg-item-inner\"><div class=\"tg-item-media-holder tg-light\"><div class=\"tg-item-media-inner\"><div class=\"tg-item-image\" style=\"background-image: url(https:\/\/www.agilit.law\/wp-content\/uploads\/2024\/09\/email-3249062_1280.png)\"><\/div><\/div><div class=\"tg-item-media-content \"><div class=\"tg-item-overlay\"><\/div><a class=\"tg-element-absolute\" target=\"_self\" href=\"https:\/\/www.agilit.law\/en\/donnees-caractere-personnel\/violation-donnees-caractere-personnel-erreur-humaine-salarie-responsabilite-responsable-traitement\/\"><\/a><div class=\"tg-bottom-holder\"><h2 class=\"tg-item-title tg-element-1\"><a target=\"_self\" href=\"https:\/\/www.agilit.law\/en\/donnees-caractere-personnel\/violation-donnees-caractere-personnel-erreur-humaine-salarie-responsabilite-responsable-traitement\/\">Violation de donn\u00e9es \u00e0 caract\u00e8re personnel : l&#8217;erreur humaine d&#8217;un salari\u00e9 n&#8217;exon\u00e8re pas le responsable de traitement de sa responsabilit\u00e9 !<\/a><\/h2><div class=\"tg-element-3\"><a target=\"_self\" href=\"https:\/\/www.agilit.law\/en\/donnees-caractere-personnel\/violation-donnees-caractere-personnel-erreur-humaine-salarie-responsabilite-responsable-traitement\/\">Lire la suite<\/a><\/div><\/div><\/div><\/div><\/div><\/article><\/div><\/div><!-- The Grid Wrapper End -->[\/vc_column_text][\/vc_column][\/vc_row]<\/p>\n","protected":false},"excerpt":{"rendered":"<p>Articles par Anne D\u00e9champs<\/p>\n","protected":false},"author":1,"featured_media":7815,"parent":7814,"menu_order":0,"comment_status":"closed","ping_status":"closed","template":"","meta":{"footnotes":""},"coauthors":[95],"yoast_head":"<!-- This site is optimized with the Yoast SEO plugin v21.3 - https:\/\/yoast.com\/wordpress\/plugins\/seo\/ -->\n<title>Articles by Kassandra Bertrand-Bourdon - AGIL&#039;IT<\/title>\n<meta name=\"robots\" content=\"index, follow, max-snippet:-1, max-image-preview:large, max-video-preview:-1\" \/>\n<link rel=\"canonical\" href=\"https:\/\/www.agilit.law\/en\/news\/kassandra-bertrand-bourdon\/\" \/>\n<meta property=\"og:locale\" content=\"en_US\" \/>\n<meta property=\"og:type\" content=\"article\" \/>\n<meta property=\"og:title\" content=\"Articles by Kassandra Bertrand-Bourdon - AGIL&#039;IT\" \/>\n<meta property=\"og:description\" content=\"Articles par Anne D\u00e9champs\" \/>\n<meta property=\"og:url\" content=\"https:\/\/www.agilit.law\/en\/news\/kassandra-bertrand-bourdon\/\" \/>\n<meta property=\"og:site_name\" content=\"AGIL&#039;IT\" \/>\n<meta property=\"og:image\" content=\"https:\/\/www.agilit.law\/wp-content\/uploads\/2017\/06\/article.jpg\" \/>\n\t<meta property=\"og:image:width\" content=\"600\" \/>\n\t<meta property=\"og:image:height\" content=\"350\" \/>\n\t<meta property=\"og:image:type\" content=\"image\/jpeg\" \/>\n<meta name=\"twitter:card\" content=\"summary_large_image\" \/>\n<meta name=\"twitter:label1\" content=\"Est. reading time\" \/>\n\t<meta name=\"twitter:data1\" content=\"1 minute\" \/>\n\t<meta name=\"twitter:label2\" content=\"Written by\" \/>\n\t<meta name=\"twitter:data2\" content=\"Laure Landes-Gronowski, Kassandra BERTRAND-BOURDON\" \/>\n<script type=\"application\/ld+json\" class=\"yoast-schema-graph\">{\"@context\":\"https:\/\/schema.org\",\"@graph\":[{\"@type\":\"WebPage\",\"@id\":\"https:\/\/www.agilit.law\/en\/news\/kassandra-bertrand-bourdon\/\",\"url\":\"https:\/\/www.agilit.law\/en\/news\/kassandra-bertrand-bourdon\/\",\"name\":\"Articles by Kassandra Bertrand-Bourdon - AGIL&#039;IT\",\"isPartOf\":{\"@id\":\"https:\/\/www.agilit.law\/#website\"},\"datePublished\":\"2023-10-02T07:20:07+00:00\",\"dateModified\":\"2023-10-02T07:20:07+00:00\",\"breadcrumb\":{\"@id\":\"https:\/\/www.agilit.law\/en\/news\/kassandra-bertrand-bourdon\/#breadcrumb\"},\"inLanguage\":\"en-US\",\"potentialAction\":[{\"@type\":\"ReadAction\",\"target\":[\"https:\/\/www.agilit.law\/en\/news\/kassandra-bertrand-bourdon\/\"]}]},{\"@type\":\"BreadcrumbList\",\"@id\":\"https:\/\/www.agilit.law\/en\/news\/kassandra-bertrand-bourdon\/#breadcrumb\",\"itemListElement\":[{\"@type\":\"ListItem\",\"position\":1,\"name\":\"Accueil\",\"item\":\"https:\/\/www.agilit.law\/en\/\"},{\"@type\":\"ListItem\",\"position\":2,\"name\":\"News\",\"item\":\"https:\/\/www.agilit.law\/en\/news\/\"},{\"@type\":\"ListItem\",\"position\":3,\"name\":\"Articles by Kassandra Bertrand-Bourdon\"}]},{\"@type\":\"WebSite\",\"@id\":\"https:\/\/www.agilit.law\/#website\",\"url\":\"https:\/\/www.agilit.law\/\",\"name\":\"AGIL&#039;IT\",\"description\":\"Make things simple\",\"potentialAction\":[{\"@type\":\"SearchAction\",\"target\":{\"@type\":\"EntryPoint\",\"urlTemplate\":\"https:\/\/www.agilit.law\/?s={search_term_string}\"},\"query-input\":\"required name=search_term_string\"}],\"inLanguage\":\"en-US\"}]}<\/script>\n<!-- \/ Yoast SEO plugin. -->","yoast_head_json":{"title":"Articles by Kassandra Bertrand-Bourdon - AGIL&#039;IT","robots":{"index":"index","follow":"follow","max-snippet":"max-snippet:-1","max-image-preview":"max-image-preview:large","max-video-preview":"max-video-preview:-1"},"canonical":"https:\/\/www.agilit.law\/en\/news\/kassandra-bertrand-bourdon\/","og_locale":"en_US","og_type":"article","og_title":"Articles by Kassandra Bertrand-Bourdon - AGIL&#039;IT","og_description":"Articles par Anne D\u00e9champs","og_url":"https:\/\/www.agilit.law\/en\/news\/kassandra-bertrand-bourdon\/","og_site_name":"AGIL&#039;IT","og_image":[{"width":600,"height":350,"url":"https:\/\/www.agilit.law\/wp-content\/uploads\/2017\/06\/article.jpg","type":"image\/jpeg"}],"twitter_card":"summary_large_image","twitter_misc":{"Est. reading time":"1 minute","Written by":"Laure Landes-Gronowski, Kassandra BERTRAND-BOURDON"},"schema":{"@context":"https:\/\/schema.org","@graph":[{"@type":"WebPage","@id":"https:\/\/www.agilit.law\/en\/news\/kassandra-bertrand-bourdon\/","url":"https:\/\/www.agilit.law\/en\/news\/kassandra-bertrand-bourdon\/","name":"Articles by Kassandra Bertrand-Bourdon - AGIL&#039;IT","isPartOf":{"@id":"https:\/\/www.agilit.law\/#website"},"datePublished":"2023-10-02T07:20:07+00:00","dateModified":"2023-10-02T07:20:07+00:00","breadcrumb":{"@id":"https:\/\/www.agilit.law\/en\/news\/kassandra-bertrand-bourdon\/#breadcrumb"},"inLanguage":"en-US","potentialAction":[{"@type":"ReadAction","target":["https:\/\/www.agilit.law\/en\/news\/kassandra-bertrand-bourdon\/"]}]},{"@type":"BreadcrumbList","@id":"https:\/\/www.agilit.law\/en\/news\/kassandra-bertrand-bourdon\/#breadcrumb","itemListElement":[{"@type":"ListItem","position":1,"name":"Accueil","item":"https:\/\/www.agilit.law\/en\/"},{"@type":"ListItem","position":2,"name":"News","item":"https:\/\/www.agilit.law\/en\/news\/"},{"@type":"ListItem","position":3,"name":"Articles by Kassandra Bertrand-Bourdon"}]},{"@type":"WebSite","@id":"https:\/\/www.agilit.law\/#website","url":"https:\/\/www.agilit.law\/","name":"AGIL&#039;IT","description":"Make things simple","potentialAction":[{"@type":"SearchAction","target":{"@type":"EntryPoint","urlTemplate":"https:\/\/www.agilit.law\/?s={search_term_string}"},"query-input":"required name=search_term_string"}],"inLanguage":"en-US"}]}},"_links":{"self":[{"href":"https:\/\/www.agilit.law\/en\/wp-json\/wp\/v2\/pages\/12839"}],"collection":[{"href":"https:\/\/www.agilit.law\/en\/wp-json\/wp\/v2\/pages"}],"about":[{"href":"https:\/\/www.agilit.law\/en\/wp-json\/wp\/v2\/types\/page"}],"author":[{"embeddable":true,"href":"https:\/\/www.agilit.law\/en\/wp-json\/wp\/v2\/users\/1"}],"replies":[{"embeddable":true,"href":"https:\/\/www.agilit.law\/en\/wp-json\/wp\/v2\/comments?post=12839"}],"version-history":[{"count":2,"href":"https:\/\/www.agilit.law\/en\/wp-json\/wp\/v2\/pages\/12839\/revisions"}],"predecessor-version":[{"id":12918,"href":"https:\/\/www.agilit.law\/en\/wp-json\/wp\/v2\/pages\/12839\/revisions\/12918"}],"up":[{"embeddable":true,"href":"https:\/\/www.agilit.law\/en\/wp-json\/wp\/v2\/pages\/7814"}],"wp:featuredmedia":[{"embeddable":true,"href":"https:\/\/www.agilit.law\/en\/wp-json\/wp\/v2\/media\/7815"}],"wp:attachment":[{"href":"https:\/\/www.agilit.law\/en\/wp-json\/wp\/v2\/media?parent=12839"}],"wp:term":[{"taxonomy":"author","embeddable":true,"href":"https:\/\/www.agilit.law\/en\/wp-json\/wp\/v2\/coauthors?post=12839"}],"curies":[{"name":"wp","href":"https:\/\/api.w.org\/{rel}","templated":true}]}}