{"id":10906,"date":"2021-12-05T19:48:34","date_gmt":"2021-12-05T18:48:34","guid":{"rendered":"https:\/\/www.agilit.law\/?page_id=10906"},"modified":"2026-02-10T19:40:00","modified_gmt":"2026-02-10T18:40:00","slug":"pauline-drouault","status":"publish","type":"page","link":"https:\/\/www.agilit.law\/en\/about\/team\/pauline-drouault\/","title":{"rendered":"Pauline DROUAULT"},"content":{"rendered":"<p>[vc_row][vc_column][vc_empty_space height=&#8221;70px&#8221;][\/vc_column][\/vc_row][vc_row thb_full_width=&#8221;true&#8221; thb_row_padding=&#8221;true&#8221; thb_column_padding=&#8221;true&#8221; thb_video_bg=&#8221;https:\/\/www.agilit.law\/wp-content\/uploads\/2017\/06\/agilit.mp4&#8243; css=&#8221;.vc_custom_1533288085407{padding-top: 48px !important;padding-bottom: 10px !important;}&#8221;][vc_column offset=&#8221;vc_col-lg-offset-2 vc_col-lg-8&#8243;][vc_column_text]<\/p>\n<h1 style=\"text-align: center;\"><span style=\"color: #ffffff;\">Pauline DROUAULT<\/span><\/h1>\n<h4 style=\"text-align: center;\"><span style=\"color: #ffffff;\"><img decoding=\"async\" loading=\"lazy\" class=\"alignnone size-full wp-image-3796\" src=\"https:\/\/www.agilit.law\/wp-content\/uploads\/2017\/04\/agilit-1-1.png\" alt=\"\" width=\"1600\" height=\"30\" srcset=\"https:\/\/www.agilit.law\/wp-content\/uploads\/2017\/04\/agilit-1-1.png 1600w, https:\/\/www.agilit.law\/wp-content\/uploads\/2017\/04\/agilit-1-1-768x14.png 768w, https:\/\/www.agilit.law\/wp-content\/uploads\/2017\/04\/agilit-1-1-1024x19.png 1024w, https:\/\/www.agilit.law\/wp-content\/uploads\/2017\/04\/agilit-1-1-500x9.png 500w, https:\/\/www.agilit.law\/wp-content\/uploads\/2017\/04\/agilit-1-1-600x11.png 600w\" sizes=\"(max-width: 1600px) 100vw, 1600px\" \/><\/span><\/h4>\n<h4 style=\"text-align: center;\"><span style=\"color: #ffffff;\">Lawyer<br \/>\nReal Estate Law<br \/>\nCivil and commercial litigation<br \/>\n<\/span><\/h4>\n<p>[\/vc_column_text][\/vc_column][\/vc_row][vc_row thb_full_width=&#8221;true&#8221; thb_row_padding=&#8221;true&#8221; thb_column_padding=&#8221;true&#8221; css=&#8221;.vc_custom_1533567968754{margin-right: 0px !important;margin-bottom: 0px !important;margin-left: 0px !important;border-right-width: 0px !important;border-bottom-width: 0px !important;border-left-width: 0px !important;padding-top: 35px !important;padding-right: 0px !important;padding-bottom: 60px !important;padding-left: 0px !important;background-color: #ffffff !important;}&#8221;][vc_column offset=&#8221;vc_col-lg-offset-1 vc_col-lg-10&#8243; css=&#8221;.vc_custom_1533490985797{margin-right: 0px !important;margin-bottom: 0px !important;margin-left: 0px !important;border-right-width: 0px !important;border-bottom-width: 0px !important;border-left-width: 0px !important;padding-right: 0px !important;padding-bottom: 0px !important;padding-left: 0px !important;background-color: #ffffff !important;}&#8221;][vc_row_inner css=&#8221;.vc_custom_1533297004432{margin-bottom: 0px !important;border-bottom-width: 0px !important;padding-bottom: 0px !important;}&#8221;][vc_column_inner width=&#8221;1\/3&#8243; css=&#8221;.vc_custom_1533505433683{margin-right: 10px !important;margin-left: 10px !important;background-color: #d3d7e5 !important;}&#8221;][vc_column_text css=&#8221;.vc_custom_1770748779429{margin-bottom: 0px !important;border-bottom-width: 0px !important;padding-bottom: 0px !important;}&#8221;]<img decoding=\"async\" loading=\"lazy\" class=\"alignnone size-full wp-image-11111 aligncenter\" src=\"https:\/\/www.agilit.law\/wp-content\/uploads\/2026\/02\/pauline-drouault-.jpg\" alt=\"\" width=\"700\" height=\"858\" \/>[\/vc_column_text][vc_column_text css=&#8221;.vc_custom_1706608758275{margin-bottom: 0px !important;border-bottom-width: 0px !important;padding-bottom: 0px !important;}&#8221;]<\/p>\n<div class=\"pavebleu\">\n<p style=\"text-align: center;\"><strong>CONTACT<\/strong><\/p>\n<div style=\"height: 5px;\"><\/div>\n<p style=\"text-align: center;\"><a href=\"mailto:pauline.drouault@agilit.law\" target=\"blank\" rel=\"noopener noreferrer\"><i class=\"fa fa-envelope fa-lg\"><\/i> E-mail<\/a> <span style=\"color: #eaecf3;\">. ..<\/span> <a href=\"https:\/\/www.linkedin.com\/in\/pauline-drouault-66b79543\/\" target=\"blank\" rel=\"noopener noreferrer\"><i class=\"fa fa-linkedin fa-lg\"><\/i> Linkedin<\/a><\/p>\n<div style=\"height: 18px;\"><\/div>\n<\/div>\n<p>[\/vc_column_text][vc_column_text css=&#8221;.vc_custom_1638730239564{padding-top: 22px !important;padding-right: 40px !important;padding-bottom: 5px !important;padding-left: 40px !important;}&#8221;]<\/p>\n<p style=\"text-align: center;\"><strong>LANGUAGES SPOKEN<\/strong><\/p>\n<p style=\"text-align: center;\"><img decoding=\"async\" loading=\"lazy\" src=\"https:\/\/www.agilit.law\/wp-content\/uploads\/2017\/09\/flag-france-1.png\" alt=\"Fran\u00e7ais\" width=\"32\" height=\"32\" \/> <img decoding=\"async\" loading=\"lazy\" src=\"https:\/\/www.agilit.law\/wp-content\/uploads\/2017\/09\/flag-united-kingdom-1.png\" alt=\"Anglais\" width=\"32\" height=\"32\" \/><\/p>\n<p>[\/vc_column_text][\/vc_column_inner][vc_column_inner width=&#8221;2\/3&#8243; css=&#8221;.vc_custom_1533504533895{margin-right: 10px !important;margin-left: 10px !important;background-color: #d3d7e5 !important;}&#8221;][vc_column_text css=&#8221;.vc_custom_1722950338863{margin-bottom: 0px !important;border-bottom-width: 0px !important;padding-top: 25px !important;padding-right: 40px !important;padding-bottom: 40px !important;padding-left: 40px !important;}&#8221;]<\/p>\n<div class=\"pavebleu\">\n<h4 style=\"text-align: center;\"><span style=\"color: #202945;\"><img decoding=\"async\" loading=\"lazy\" class=\"alignnone size-full wp-image-3837\" src=\"https:\/\/www.agilit.law\/wp-content\/uploads\/2018\/08\/ap.png\" alt=\"\" width=\"29\" height=\"22\" \/><\/span><\/h4>\n<h4 style=\"text-align: center;\"><em><span style=\"color: #202945;\">Listening, sharing, responsiveness: the keys to the success of your projects<\/span><\/em><\/h4>\n<\/div>\n<div style=\"height: 15px;\"><\/div>\n<p><strong>EXPERTISES\u00a0<\/strong><\/p>\n<ul>\n<li><a href=\"https:\/\/www.agilit.law\/en\/expertises\/distribution-competition-consumer-law-commercial-contract\/\">Civil law (contractual and tort liability)<\/a><\/li>\n<li><a href=\"https:\/\/www.agilit.law\/en\/expertises\/distribution-competition-consumer-law-commercial-contract\/\">Real estate law (construction, insurance, co-ownership, debt recovery)<\/a><\/li>\n<li><a href=\"https:\/\/www.agilit.law\/en\/expertises\/distribution-competition-consumer-law-commercial-contract\/\">Commercial law<\/a><\/li>\n<\/ul>\n<div style=\"height: 15px;\"><\/div>\n<p><strong>SPECIALITIES<\/strong><\/p>\n<ul>\n<li>Mutual agreement, preventive and litigation proceedings in civil and commercial law<\/li>\n<li>Real estate &#8211; Construction: preventive summary proceeding, appraisal referral<\/li>\n<li>Commercial litigation (debt collection, contractual non-performance, sudden breach of established commercial relations, etc.)<\/li>\n<\/ul>\n<div style=\"height: 15px;\"><\/div>\n<p><strong>QUALIFICATIONS &amp; EXPERIENCE<\/strong><\/p>\n<ul>\n<li>AGIL&#8217;IT BRETAGNE* (since 2022) \u2013 Lawyer (Commercial Litigation Division)<\/li>\n<li>A2C Avocats (2021-2022) &#8211; Lawyer (Commercial Litigation Division)<\/li>\n<li>Cabinet of Ornano Querner Dhuin (2014-2021) \u2013 Lawyer (Real Estate and Commercial Law)<\/li>\n<li>Cabinet Estelle Goubard (2013-2014) \u2013 Lawyer (Real estate law, co-ownership, debt recovery)<\/li>\n<li>Cabinet Boissi\u00e8re Avocats (2011-2013) \u2013 Lawyer (Commercial Law, Consumer Law, Social Law)<\/li>\n<li>Lawyer since 2010, registered at the Lorient Bar<\/li>\n<li>Master 2 in Judicial Litigation (University of Bordeaux IV)<\/li>\n<\/ul>\n<p><span style=\"font-size: 12px;\">* member of the AARPI AGIL&#8217;IT<\/span>[\/vc_column_text][\/vc_column_inner][\/vc_row_inner][\/vc_column][\/vc_row][vc_row css=&#8221;.vc_custom_1533506209008{padding-bottom: 60px !important;background-color: #ffffff !important;}&#8221;][vc_column offset=&#8221;vc_col-lg-offset-1 vc_col-lg-10&#8243;][vc_row_inner][vc_column_inner][vc_column_text css=&#8221;.vc_custom_1638730496562{padding-top: 28px !important;}&#8221;]<\/p>\n<h3 style=\"text-align: center;\"><span style=\"color: #202945;\"><img decoding=\"async\" loading=\"lazy\" class=\"alignnone size-full wp-image-3654\" src=\"https:\/\/www.agilit.law\/wp-content\/uploads\/2018\/07\/blog.gif\" alt=\"\" width=\"41\" height=\"32\" \/>LATEST PUBLISHED ARTICLES<\/span><\/h3>\n<p>[\/vc_column_text][vc_column_text]<\/p>\n<p style=\"text-align: center;\"><a class=\"sn\" href=\"https:\/\/www.agilit.law\/en\/news\/pauline-drouault\/\"><i class=\"fa fa-long-arrow-right\"><\/i> SEE ALL ARTICLES BY THIS AUTHOR<\/a><\/p>\n<p>[\/vc_column_text][vc_column_text]<!-- The Grid Plugin Version 2.6.60 --><div class=\"tg-error-msg\" data-grid-name=\"Pauline Drouault Extrait\">No post was found with your current grid settings.&#xa;You should verify if you have posts inside the current selected post type(s) and if the meta key filter is not too much restrictive.<\/div>[\/vc_column_text][vc_column_text]<\/p>\n<p style=\"text-align: center;\"><a class=\"sn\" href=\"https:\/\/www.agilit.law\/en\/about\/team\/\"><i class=\"fa fa-long-arrow-right\"><\/i> Other team members<\/a><\/p>\n<p>[\/vc_column_text][\/vc_column_inner][\/vc_row_inner][\/vc_column][\/vc_row][vc_row][vc_column][vc_column_text]<\/p>\n<p>[\/vc_column_text][\/vc_column][\/vc_row]<\/p>\n","protected":false},"excerpt":{"rendered":"<p>Avocate associ\u00e9e. Droit des technologies de l&#8217;information et de la protection des donn\u00e9es \u00e0 caract\u00e8re personnel.<\/p>\n","protected":false},"author":1,"featured_media":15158,"parent":7783,"menu_order":0,"comment_status":"closed","ping_status":"closed","template":"","meta":{"footnotes":""},"coauthors":[95],"yoast_head":"<!-- This site is optimized with the Yoast SEO plugin v21.3 - https:\/\/yoast.com\/wordpress\/plugins\/seo\/ -->\n<title>Pauline DROUAULT - AGIL&#039;IT<\/title>\n<meta name=\"description\" content=\"Avocate associ\u00e9e. Droit des technologies de l&#039;information et de la protection des donn\u00e9es \u00e0 caract\u00e8re personnel\" \/>\n<meta name=\"robots\" content=\"index, follow, max-snippet:-1, max-image-preview:large, max-video-preview:-1\" \/>\n<link rel=\"canonical\" href=\"https:\/\/www.agilit.law\/en\/about\/team\/pauline-drouault\/\" \/>\n<meta property=\"og:locale\" content=\"en_US\" \/>\n<meta property=\"og:type\" content=\"article\" \/>\n<meta property=\"og:title\" content=\"Pauline DROUAULT - AGIL&#039;IT\" \/>\n<meta property=\"og:description\" content=\"Avocate associ\u00e9e. Droit des technologies de l&#039;information et de la protection des donn\u00e9es \u00e0 caract\u00e8re personnel\" \/>\n<meta property=\"og:url\" content=\"https:\/\/www.agilit.law\/en\/about\/team\/pauline-drouault\/\" \/>\n<meta property=\"og:site_name\" content=\"AGIL&#039;IT\" \/>\n<meta property=\"article:modified_time\" content=\"2026-02-10T18:40:00+00:00\" \/>\n<meta property=\"og:image\" content=\"https:\/\/www.agilit.law\/wp-content\/uploads\/2026\/02\/pauline-drouault.jpg\" \/>\n\t<meta property=\"og:image:width\" content=\"700\" \/>\n\t<meta property=\"og:image:height\" content=\"700\" \/>\n\t<meta property=\"og:image:type\" content=\"image\/jpeg\" \/>\n<meta name=\"twitter:card\" content=\"summary_large_image\" \/>\n<meta name=\"twitter:label1\" content=\"Est. reading time\" \/>\n\t<meta name=\"twitter:data1\" content=\"3 minutes\" \/>\n\t<meta name=\"twitter:label2\" content=\"Written by\" \/>\n\t<meta name=\"twitter:data2\" content=\"AGIL'IT\" \/>\n<script type=\"application\/ld+json\" class=\"yoast-schema-graph\">{\"@context\":\"https:\/\/schema.org\",\"@graph\":[{\"@type\":\"WebPage\",\"@id\":\"https:\/\/www.agilit.law\/en\/about\/team\/pauline-drouault\/\",\"url\":\"https:\/\/www.agilit.law\/en\/about\/team\/pauline-drouault\/\",\"name\":\"Pauline DROUAULT - AGIL&#039;IT\",\"isPartOf\":{\"@id\":\"https:\/\/www.agilit.law\/#website\"},\"datePublished\":\"2021-12-05T18:48:34+00:00\",\"dateModified\":\"2026-02-10T18:40:00+00:00\",\"description\":\"Avocate associ\u00e9e. Droit des technologies de l'information et de la protection des donn\u00e9es \u00e0 caract\u00e8re personnel\",\"breadcrumb\":{\"@id\":\"https:\/\/www.agilit.law\/en\/about\/team\/pauline-drouault\/#breadcrumb\"},\"inLanguage\":\"en-US\",\"potentialAction\":[{\"@type\":\"ReadAction\",\"target\":[\"https:\/\/www.agilit.law\/en\/about\/team\/pauline-drouault\/\"]}]},{\"@type\":\"BreadcrumbList\",\"@id\":\"https:\/\/www.agilit.law\/en\/about\/team\/pauline-drouault\/#breadcrumb\",\"itemListElement\":[{\"@type\":\"ListItem\",\"position\":1,\"name\":\"Accueil\",\"item\":\"https:\/\/www.agilit.law\/en\/\"},{\"@type\":\"ListItem\",\"position\":2,\"name\":\"AGIL&#8217;IT\",\"item\":\"https:\/\/www.agilit.law\/en\/about\/\"},{\"@type\":\"ListItem\",\"position\":3,\"name\":\"Our team\",\"item\":\"https:\/\/www.agilit.law\/en\/about\/team\/\"},{\"@type\":\"ListItem\",\"position\":4,\"name\":\"Pauline DROUAULT\"}]},{\"@type\":\"WebSite\",\"@id\":\"https:\/\/www.agilit.law\/#website\",\"url\":\"https:\/\/www.agilit.law\/\",\"name\":\"AGIL&#039;IT\",\"description\":\"Make things simple\",\"potentialAction\":[{\"@type\":\"SearchAction\",\"target\":{\"@type\":\"EntryPoint\",\"urlTemplate\":\"https:\/\/www.agilit.law\/?s={search_term_string}\"},\"query-input\":\"required name=search_term_string\"}],\"inLanguage\":\"en-US\"}]}<\/script>\n<!-- \/ Yoast SEO plugin. -->","yoast_head_json":{"title":"Pauline DROUAULT - AGIL&#039;IT","description":"Avocate associ\u00e9e. Droit des technologies de l'information et de la protection des donn\u00e9es \u00e0 caract\u00e8re personnel","robots":{"index":"index","follow":"follow","max-snippet":"max-snippet:-1","max-image-preview":"max-image-preview:large","max-video-preview":"max-video-preview:-1"},"canonical":"https:\/\/www.agilit.law\/en\/about\/team\/pauline-drouault\/","og_locale":"en_US","og_type":"article","og_title":"Pauline DROUAULT - AGIL&#039;IT","og_description":"Avocate associ\u00e9e. Droit des technologies de l'information et de la protection des donn\u00e9es \u00e0 caract\u00e8re personnel","og_url":"https:\/\/www.agilit.law\/en\/about\/team\/pauline-drouault\/","og_site_name":"AGIL&#039;IT","article_modified_time":"2026-02-10T18:40:00+00:00","og_image":[{"width":700,"height":700,"url":"https:\/\/www.agilit.law\/wp-content\/uploads\/2026\/02\/pauline-drouault.jpg","type":"image\/jpeg"}],"twitter_card":"summary_large_image","twitter_misc":{"Est. reading time":"3 minutes","Written by":"AGIL'IT"},"schema":{"@context":"https:\/\/schema.org","@graph":[{"@type":"WebPage","@id":"https:\/\/www.agilit.law\/en\/about\/team\/pauline-drouault\/","url":"https:\/\/www.agilit.law\/en\/about\/team\/pauline-drouault\/","name":"Pauline DROUAULT - AGIL&#039;IT","isPartOf":{"@id":"https:\/\/www.agilit.law\/#website"},"datePublished":"2021-12-05T18:48:34+00:00","dateModified":"2026-02-10T18:40:00+00:00","description":"Avocate associ\u00e9e. Droit des technologies de l'information et de la protection des donn\u00e9es \u00e0 caract\u00e8re personnel","breadcrumb":{"@id":"https:\/\/www.agilit.law\/en\/about\/team\/pauline-drouault\/#breadcrumb"},"inLanguage":"en-US","potentialAction":[{"@type":"ReadAction","target":["https:\/\/www.agilit.law\/en\/about\/team\/pauline-drouault\/"]}]},{"@type":"BreadcrumbList","@id":"https:\/\/www.agilit.law\/en\/about\/team\/pauline-drouault\/#breadcrumb","itemListElement":[{"@type":"ListItem","position":1,"name":"Accueil","item":"https:\/\/www.agilit.law\/en\/"},{"@type":"ListItem","position":2,"name":"AGIL&#8217;IT","item":"https:\/\/www.agilit.law\/en\/about\/"},{"@type":"ListItem","position":3,"name":"Our team","item":"https:\/\/www.agilit.law\/en\/about\/team\/"},{"@type":"ListItem","position":4,"name":"Pauline DROUAULT"}]},{"@type":"WebSite","@id":"https:\/\/www.agilit.law\/#website","url":"https:\/\/www.agilit.law\/","name":"AGIL&#039;IT","description":"Make things simple","potentialAction":[{"@type":"SearchAction","target":{"@type":"EntryPoint","urlTemplate":"https:\/\/www.agilit.law\/?s={search_term_string}"},"query-input":"required name=search_term_string"}],"inLanguage":"en-US"}]}},"_links":{"self":[{"href":"https:\/\/www.agilit.law\/en\/wp-json\/wp\/v2\/pages\/10906"}],"collection":[{"href":"https:\/\/www.agilit.law\/en\/wp-json\/wp\/v2\/pages"}],"about":[{"href":"https:\/\/www.agilit.law\/en\/wp-json\/wp\/v2\/types\/page"}],"author":[{"embeddable":true,"href":"https:\/\/www.agilit.law\/en\/wp-json\/wp\/v2\/users\/1"}],"replies":[{"embeddable":true,"href":"https:\/\/www.agilit.law\/en\/wp-json\/wp\/v2\/comments?post=10906"}],"version-history":[{"count":11,"href":"https:\/\/www.agilit.law\/en\/wp-json\/wp\/v2\/pages\/10906\/revisions"}],"predecessor-version":[{"id":15175,"href":"https:\/\/www.agilit.law\/en\/wp-json\/wp\/v2\/pages\/10906\/revisions\/15175"}],"up":[{"embeddable":true,"href":"https:\/\/www.agilit.law\/en\/wp-json\/wp\/v2\/pages\/7783"}],"wp:featuredmedia":[{"embeddable":true,"href":"https:\/\/www.agilit.law\/en\/wp-json\/wp\/v2\/media\/15158"}],"wp:attachment":[{"href":"https:\/\/www.agilit.law\/en\/wp-json\/wp\/v2\/media?parent=10906"}],"wp:term":[{"taxonomy":"author","embeddable":true,"href":"https:\/\/www.agilit.law\/en\/wp-json\/wp\/v2\/coauthors?post=10906"}],"curies":[{"name":"wp","href":"https:\/\/api.w.org\/{rel}","templated":true}]}}